{"id":38183,"date":"2022-03-11T05:57:59","date_gmt":"2022-03-11T10:57:59","guid":{"rendered":"https:\/\/orders.cleo.on.ca\/?page_id=38183"},"modified":"2024-12-09T10:55:40","modified_gmt":"2024-12-09T15:55:40","slug":"propos-de-cleo","status":"publish","type":"page","link":"https:\/\/www.cleo.on.ca\/fr\/a-propos\/propos-de-cleo","title":{"rendered":"\u00c0 propos de CLEO"},"content":{"rendered":"<p>Depuis 1974, CLEO (Community Legal Education Ontario\u200a\u200a\/\u200a\u200a\u00c9ducation juridique communautaire Ontario) \u00e9labore des moyens d&rsquo;\u00e9ducation et d&rsquo;information juridiques \u00e0 la fois clairs, exacts et pratiques afin d&rsquo;aider les gens \u00e0 comprendre et \u00e0 exercer les droits que leur reconna\u00eet la loi. CLEO d\u00e9ploie des efforts tout particuliers pour fournir de l&rsquo;information aux personnes qui doivent surmonter certains obstacles \u2500 notamment : le niveau de leur revenu, une incapacit\u00e9, ou des difficult\u00e9s li\u00e9es \u00e0 la litt\u00e9ratie ou \u00e0 la langue \u2500 pour avoir acc\u00e8s au syst\u00e8me de justice. En qualit\u00e9 de clinique juridique communautaire, nous prenons une part active dans le syst\u00e8me d&rsquo;aide juridique de l&rsquo;Ontario et nous travaillons en partenariat avec d&rsquo;autres cliniques juridiques ou organisations communautaires des diff\u00e9rentes r\u00e9gions de la province.<\/p>\n<p>Voici certaines de nos r\u00e9alisations :<\/p>\n<ul>\n<li>Les sites Web <a href=\"https:\/\/stepstojustice.ca\/fr\" target=\"_blank\" rel=\"noopener\">Justice pas-\u00e0-pas<\/a> et <a href=\"https:\/\/stepstojustice.ca\/\" target=\"_blank\" rel=\"noopener\">Steps to justice<\/a>, qui comprend des questions et r\u00e9ponses sur les probl\u00e8mes juridiques courants que rencontrent des personnes en Ontario\u200a;<\/li>\n<li>les <a href=\"https:\/\/stepstojustice.ca\/fr\/parcours-guides-accueil\/\" target=\"_blank\" rel=\"noopener\">Parcours guid\u00e9s<\/a>, qui sont des questionnaires interactifs qui aident les gens \u00e0 remplir des formulaires et \u00e0 cr\u00e9er des documents juridiques, notamment:\n<ul>\n<li>les formules du tribunal du droit de la famille<\/li>\n<li>le Droit du logement (T1 et T6 de la Commission de la location immobili\u00e8re)<\/li>\n<li>les procurations<\/li>\n<li>un testament simple<\/li>\n<li>Explorateur de solutions en mati\u00e8re d&rsquo;expulsion<\/li>\n<\/ul>\n<\/li>\n<li>la formation et les outils pour les travailleur.euse.s communautaires sur <a href=\"https:\/\/cleoconnect.ca\/\" target=\"_blank\" rel=\"noopener\">CLEO Connect<\/a><\/li>\n<li>une importante collection <a href=\"https:\/\/www.cleo.on.ca\/fr\/ressources-et-publications\/ressources-et-publications\" target=\"_blank\" rel=\"noopener\">de ressources et de publications<\/a> d&rsquo;information juridique, offertes en diff\u00e9rentes langues et sur diff\u00e9rents supports;<\/li>\n<li>la <a href=\"https:\/\/cleoconnect.ca\/about-us\/cleos-research-work\/\" target=\"_blank\" rel=\"noopener\">recherche<\/a> de moyens efficaces de d\u00e9velopper et de diffuser des informations sur les droits juridiques<\/li>\n<li>les ressources en ligne pour les organisations sans but lucratif sur le site Web <a href=\"https:\/\/nonprofitlaw.cleo.on.ca\/fr\/\" target=\"_blank\" rel=\"noopener\">Loi du secteur sans but lucratif de l&rsquo;Ontario<\/a><\/li>\n<\/ul>","protected":false},"excerpt":{"rendered":"<p>Depuis 1974, CLEO (Community Legal Education Ontario\u200a\u200a\/\u200a\u200a\u00c9ducation juridique communautaire Ontario) \u00e9labore des moyens d&rsquo;\u00e9ducation et d&rsquo;information juridiques \u00e0 la fois clairs, exacts et pratiques afin d&rsquo;aider les gens \u00e0 comprendre et \u00e0 exercer les droits que leur reconna\u00eet la loi. CLEO d\u00e9ploie des efforts tout particuliers pour fournir de l&rsquo;information aux personnes qui doivent surmonter certains obstacles \u2500 notamment : le niveau de leur revenu,<\/p>\n","protected":false},"author":2,"featured_media":0,"parent":38181,"menu_order":0,"comment_status":"closed","ping_status":"closed","template":"","meta":{"ub_ctt_via":"","inline_featured_image":false,"footnotes":""},"class_list":["post-38183","page","type-page","status-publish","hentry"],"featured_image_src":null,"yoast_head":"<!-- This site is optimized with the Yoast SEO plugin v25.2 - https:\/\/yoast.com\/wordpress\/plugins\/seo\/ -->\n<title>\u00c0 propos de CLEO - CLEO (Community Legal Education Ontario \/ \u00c9ducation juridique communautaire Ontario)<\/title>\n<meta name=\"robots\" content=\"index, follow, max-snippet:-1, max-image-preview:large, max-video-preview:-1\" \/>\n<link rel=\"canonical\" href=\"https:\/\/www.cleo.on.ca\/fr\/a-propos\/propos-de-cleo\" \/>\n<meta property=\"og:locale\" content=\"fr_FR\" \/>\n<meta property=\"og:type\" content=\"article\" \/>\n<meta property=\"og:title\" content=\"\u00c0 propos de CLEO - CLEO (Community Legal Education Ontario \/ \u00c9ducation juridique communautaire Ontario)\" \/>\n<meta property=\"og:description\" content=\"Depuis 1974, CLEO (Community Legal Education Ontario\u200a\u200a\/\u200a\u200a\u00c9ducation juridique communautaire Ontario) \u00e9labore des moyens d&rsquo;\u00e9ducation et d&rsquo;information juridiques \u00e0 la fois clairs, exacts et pratiques afin d&rsquo;aider les gens \u00e0 comprendre et \u00e0 exercer les droits que leur reconna\u00eet la loi. CLEO d\u00e9ploie des efforts tout particuliers pour fournir de l&rsquo;information aux personnes qui doivent surmonter certains obstacles \u2500 notamment : le niveau de leur revenu,\" \/>\n<meta property=\"og:url\" content=\"https:\/\/www.cleo.on.ca\/fr\/a-propos\/propos-de-cleo\" \/>\n<meta property=\"og:site_name\" content=\"CLEO (Community Legal Education Ontario \/ \u00c9ducation juridique communautaire Ontario)\" \/>\n<meta property=\"article:modified_time\" content=\"2024-12-09T15:55:40+00:00\" \/>\n<meta name=\"twitter:card\" content=\"summary_large_image\" \/>\n<meta name=\"twitter:label1\" content=\"Dur\u00e9e de lecture estim\u00e9e\" \/>\n\t<meta name=\"twitter:data1\" content=\"2 minutes\" \/>\n<script type=\"application\/ld+json\" class=\"yoast-schema-graph\">{\"@context\":\"https:\/\/schema.org\",\"@graph\":[{\"@type\":\"WebPage\",\"@id\":\"https:\/\/www.cleo.on.ca\/fr\/a-propos\/propos-de-cleo\",\"url\":\"https:\/\/www.cleo.on.ca\/fr\/a-propos\/propos-de-cleo\",\"name\":\"\u00c0 propos de CLEO - CLEO (Community Legal Education Ontario \/ \u00c9ducation juridique communautaire Ontario)\",\"isPartOf\":{\"@id\":\"https:\/\/www.cleo.on.ca\/fr#website\"},\"datePublished\":\"2022-03-11T10:57:59+00:00\",\"dateModified\":\"2024-12-09T15:55:40+00:00\",\"breadcrumb\":{\"@id\":\"https:\/\/www.cleo.on.ca\/fr\/a-propos\/propos-de-cleo#breadcrumb\"},\"inLanguage\":\"fr-FR\",\"potentialAction\":[{\"@type\":\"ReadAction\",\"target\":[\"https:\/\/www.cleo.on.ca\/fr\/a-propos\/propos-de-cleo\"]}]},{\"@type\":\"BreadcrumbList\",\"@id\":\"https:\/\/www.cleo.on.ca\/fr\/a-propos\/propos-de-cleo#breadcrumb\",\"itemListElement\":[{\"@type\":\"ListItem\",\"position\":1,\"name\":\"Home\",\"item\":\"https:\/\/www.cleo.on.ca\/fr\/accueil-2\"},{\"@type\":\"ListItem\",\"position\":2,\"name\":\"\u00c0 propos\",\"item\":\"https:\/\/www.cleo.on.ca\/fr\/a-propos\"},{\"@type\":\"ListItem\",\"position\":3,\"name\":\"\u00c0 propos de CLEO\"}]},{\"@type\":\"WebSite\",\"@id\":\"https:\/\/www.cleo.on.ca\/fr#website\",\"url\":\"https:\/\/www.cleo.on.ca\/fr\",\"name\":\"CLEO (Community Legal Education Ontario \/ \u00c9ducation juridique communautaire Ontario)\",\"description\":\"\",\"potentialAction\":[{\"@type\":\"SearchAction\",\"target\":{\"@type\":\"EntryPoint\",\"urlTemplate\":\"https:\/\/www.cleo.on.ca\/fr?s={search_term_string}\"},\"query-input\":{\"@type\":\"PropertyValueSpecification\",\"valueRequired\":true,\"valueName\":\"search_term_string\"}}],\"inLanguage\":\"fr-FR\"}]}<\/script>\n<!-- \/ Yoast SEO plugin. -->","yoast_head_json":{"title":"\u00c0 propos de CLEO - CLEO (Community Legal Education Ontario \/ \u00c9ducation juridique communautaire Ontario)","robots":{"index":"index","follow":"follow","max-snippet":"max-snippet:-1","max-image-preview":"max-image-preview:large","max-video-preview":"max-video-preview:-1"},"canonical":"https:\/\/www.cleo.on.ca\/fr\/a-propos\/propos-de-cleo","og_locale":"fr_FR","og_type":"article","og_title":"\u00c0 propos de CLEO - CLEO (Community Legal Education Ontario \/ \u00c9ducation juridique communautaire Ontario)","og_description":"Depuis 1974, CLEO (Community Legal Education Ontario\u200a\u200a\/\u200a\u200a\u00c9ducation juridique communautaire Ontario) \u00e9labore des moyens d&rsquo;\u00e9ducation et d&rsquo;information juridiques \u00e0 la fois clairs, exacts et pratiques afin d&rsquo;aider les gens \u00e0 comprendre et \u00e0 exercer les droits que leur reconna\u00eet la loi. CLEO d\u00e9ploie des efforts tout particuliers pour fournir de l&rsquo;information aux personnes qui doivent surmonter certains obstacles \u2500 notamment : le niveau de leur revenu,","og_url":"https:\/\/www.cleo.on.ca\/fr\/a-propos\/propos-de-cleo","og_site_name":"CLEO (Community Legal Education Ontario \/ \u00c9ducation juridique communautaire Ontario)","article_modified_time":"2024-12-09T15:55:40+00:00","twitter_card":"summary_large_image","twitter_misc":{"Dur\u00e9e de lecture estim\u00e9e":"2 minutes"},"schema":{"@context":"https:\/\/schema.org","@graph":[{"@type":"WebPage","@id":"https:\/\/www.cleo.on.ca\/fr\/a-propos\/propos-de-cleo","url":"https:\/\/www.cleo.on.ca\/fr\/a-propos\/propos-de-cleo","name":"\u00c0 propos de CLEO - CLEO (Community Legal Education Ontario \/ \u00c9ducation juridique communautaire Ontario)","isPartOf":{"@id":"https:\/\/www.cleo.on.ca\/fr#website"},"datePublished":"2022-03-11T10:57:59+00:00","dateModified":"2024-12-09T15:55:40+00:00","breadcrumb":{"@id":"https:\/\/www.cleo.on.ca\/fr\/a-propos\/propos-de-cleo#breadcrumb"},"inLanguage":"fr-FR","potentialAction":[{"@type":"ReadAction","target":["https:\/\/www.cleo.on.ca\/fr\/a-propos\/propos-de-cleo"]}]},{"@type":"BreadcrumbList","@id":"https:\/\/www.cleo.on.ca\/fr\/a-propos\/propos-de-cleo#breadcrumb","itemListElement":[{"@type":"ListItem","position":1,"name":"Home","item":"https:\/\/www.cleo.on.ca\/fr\/accueil-2"},{"@type":"ListItem","position":2,"name":"\u00c0 propos","item":"https:\/\/www.cleo.on.ca\/fr\/a-propos"},{"@type":"ListItem","position":3,"name":"\u00c0 propos de CLEO"}]},{"@type":"WebSite","@id":"https:\/\/www.cleo.on.ca\/fr#website","url":"https:\/\/www.cleo.on.ca\/fr","name":"CLEO (Community Legal Education Ontario \/ \u00c9ducation juridique communautaire Ontario)","description":"","potentialAction":[{"@type":"SearchAction","target":{"@type":"EntryPoint","urlTemplate":"https:\/\/www.cleo.on.ca\/fr?s={search_term_string}"},"query-input":{"@type":"PropertyValueSpecification","valueRequired":true,"valueName":"search_term_string"}}],"inLanguage":"fr-FR"}]}},"meta_box":{"page_show_banner":"0","page_banner_type":"banner","page_banner_title":"","page_banner_title_color":"","page_banner_description":"","page_banner_image":[],"contact_shortcode":"","contact_address":"","contact_address_details":"","contact_map":{"latitude":"","longitude":"","zoom":""},"remove_map":"","contact_company_name":"","contact_company_phones":[],"contact_company_email":"","contact_textarea":"","contact_other_text_block":"","contact_other_locations_show":"","contact_other_locations_title":"","contact_other_locations_type":"","contact_other_locations":[],"contact_gmaps_zoom_control":"","contact_gmaps_map_type_control":"","contact_gmaps_scaleControl":"","contact_gmaps_streetViewControl":"","contact_gmaps_rotateControl":"","contact_gmaps_fullscreenControl":"","location_gmaps_zoom_control":"","location_gmaps_map_type_control":"","location_gmaps_scaleControl":"","location_gmaps_streetViewControl":"","location_gmaps_rotateControl":"","location_gmaps_fullscreenControl":"","menu_page_links_type":"","menu_page_links":[],"menu_page_links_bottom_content":"","external_links_type":"","external_links":[],"external_sublinks":[],"private_staff_information_blocks":[],"private_staff_links_title":"","private_staff_links":[],"legal_topic_menu":[],"sb_display_type":"","sb_people_block":[],"guided_pathways_top_image":false,"guided_pathways_top_description":"","guided_pathways_topic_menu":"","guided_pathways_whats_new_title":"","guided_pathways_news_category":[],"guided_pathways_button_title":"","guided_pathways_button_url":"","guided_pathways_coming_soon_title":"","guided_pathways_coming_soon_category":[],"guided_pathways_coming_soon_button_title":"","guided_pathways_coming_soon_button_url":"","guided_pathways_job_openings_title":"","guided_pathways_job_openings_category":[],"guided_pathways_job_openings_button_title":"","guided_pathways_job_openings_button_url":"","guided_pathways_featured_studies_title":"","guided_pathways_featured_studies_menu":"","guided_pathways_featured_studies_button_title":"","guided_pathways_featured_studies_button_url":"","banner_title":"","banner_description":"","banner_button_title":"","banner_button_url":"","social_menu":"","resource_section_title":"","resources":[],"announcements_title":"","announcements":[],"homepage_news_title":"","homepage_news_category":[],"homepage_news_button_title":"","homepage_news_button_url":"","hide_title":"0","page_to_resources_to":[]},"_links":{"self":[{"href":"https:\/\/www.cleo.on.ca\/fr\/wp-json\/wp\/v2\/pages\/38183","targetHints":{"allow":["GET"]}}],"collection":[{"href":"https:\/\/www.cleo.on.ca\/fr\/wp-json\/wp\/v2\/pages"}],"about":[{"href":"https:\/\/www.cleo.on.ca\/fr\/wp-json\/wp\/v2\/types\/page"}],"author":[{"embeddable":true,"href":"https:\/\/www.cleo.on.ca\/fr\/wp-json\/wp\/v2\/users\/2"}],"replies":[{"embeddable":true,"href":"https:\/\/www.cleo.on.ca\/fr\/wp-json\/wp\/v2\/comments?post=38183"}],"version-history":[{"count":6,"href":"https:\/\/www.cleo.on.ca\/fr\/wp-json\/wp\/v2\/pages\/38183\/revisions"}],"predecessor-version":[{"id":59301,"href":"https:\/\/www.cleo.on.ca\/fr\/wp-json\/wp\/v2\/pages\/38183\/revisions\/59301"}],"up":[{"embeddable":true,"href":"https:\/\/www.cleo.on.ca\/fr\/wp-json\/wp\/v2\/pages\/38181"}],"wp:attachment":[{"href":"https:\/\/www.cleo.on.ca\/fr\/wp-json\/wp\/v2\/media?parent=38183"}],"curies":[{"name":"wp","href":"https:\/\/api.w.org\/{rel}","templated":true}]}}