{"id":38185,"date":"2022-03-11T06:03:48","date_gmt":"2022-03-11T11:03:48","guid":{"rendered":"https:\/\/orders.cleo.on.ca\/?page_id=38185"},"modified":"2022-05-05T16:21:45","modified_gmt":"2022-05-05T20:21:45","slug":"plan-strategique-de-cleo-2018-2023","status":"publish","type":"page","link":"https:\/\/www.cleo.on.ca\/fr\/a-propos\/plan-strategique-de-cleo-2018-2023","title":{"rendered":"Plan strat\u00e9gique de CLEO : 2018 \u00e0 2023"},"content":{"rendered":"<h2>Le Mandat de CLEO :<\/h2>\n<p>CLEO est un organisme ind\u00e9pendant et communautaire, d&rsquo;\u00e9ducation et d&rsquo;information juridiques destin\u00e9es au public (\u00c9IJP). CLEO \u0153uvre au profit des personnes qui, en Ontario, n&rsquo;ont pas acc\u00e8s au syst\u00e8me de justice pour des raisons li\u00e9es au revenu, \u00e0 la litt\u00e9ratie, \u00e0 la langue, \u00e0 une invalidit\u00e9, \u00e0 l&rsquo;origine culturelle ou ethnique ou \u00e0 l&rsquo;isolement, pour ne donner que quelques exemples.<\/p>\n<h2>Les r\u00f4les de CLEO :<\/h2>\n<ul>\n<li><strong>Producteur<\/strong> d&rsquo;une \u00c9IJP innovante et de qualit\u00e9, qui s&rsquo;appuie sur 45 ans de savoir-faire et d&rsquo;exp\u00e9rience<\/li>\n<li><strong>Chef<\/strong> de file dans les domaines de la recherche, des ressources et du renforcement des capacit\u00e9s en mati\u00e8re d&rsquo;\u00c9IJP, et en technologies et approches adapt\u00e9es<\/li>\n<li><strong>Partenaire<\/strong> dans des initiatives collaboratives et adapt\u00e9es qui favorisent un acc\u00e8s significatif \u00e0 la justice<\/li>\n<\/ul>\n<h2>Les Principes Directeurs :<\/h2>\n<ul>\n<li>La justice sociale<\/li>\n<li>Le mandat provincial<\/li>\n<li>L&rsquo;outillage des personnes qui leur fournit des moyens de comprendre et d&rsquo;exercer leurs droits juridiques<\/li>\n<li>L&rsquo;ancrage sur les besoins des personnes<\/li>\n<li>L&rsquo;exactitude juridique, le langage clair, les informations pratiques<\/li>\n<li>Le travail collaboratif avec d&rsquo;autres organisations<\/li>\n<li>Les approches fond\u00e9es sur des donn\u00e9es probantes (y compris en mati\u00e8re de recherche)<\/li>\n<li>Les innovations qui contribuent \u00e0 rendre la diffusion de l&rsquo;\u00c9IJP plus efficace<\/li>\n<li>Les plaidoyers qui s&rsquo;inscrivent dans la d\u00e9fense et la promotion d&rsquo;un acc\u00e8s significatif et efficace \u00e0 la justice<\/li>\n<li>Le travail de fa\u00e7on respectueuse<\/li>\n<\/ul>\n<h2>Orientations Strat\u00e9giques :<\/h2>\n<ol>\n<li>Jouer un r\u00f4le de leader et \u00e9tablir des partenariats pour l&rsquo;am\u00e9lioration de l&rsquo;acc\u00e8s \u00e0 la justice<\/li>\n<li>Recueillir, analyser et partager des informations relatives aux besoins des publics cibles, des partenaires et des parties prenantes<\/li>\n<li>D\u00e9velopper un contenu int\u00e9gr\u00e9 qui r\u00e9ponde aux besoins changeants des communaut\u00e9s et qui refl\u00e8te l&rsquo;\u00e9volution des technologies<\/li>\n<li>Fournir des soutiens et des services int\u00e9gr\u00e9s aux organisations communautaires qui travaillent avec les personnes aux prises avec des probl\u00e8mes juridiques<\/li>\n<li>Renforcer la capacit\u00e9 infrastructurelle et organisationnelle de CLEO<\/li>\n<li>Promouvoir et faire conna\u00eetre le travail, les ressources et la valeur de CLEO<\/li>\n<\/ol>","protected":false},"excerpt":{"rendered":"<p>Le Mandat de CLEO :<br \/>\nCLEO est un organisme ind\u00e9pendant et communautaire, d&rsquo;\u00e9ducation et d&rsquo;information juridiques destin\u00e9es au public (\u00c9IJP). CLEO \u0153uvre au profit des personnes qui, en Ontario, n&rsquo;ont pas acc\u00e8s au syst\u00e8me de justice pour des raisons li\u00e9es au revenu, \u00e0 la litt\u00e9ratie, \u00e0 la langue, \u00e0 une invalidit\u00e9,<\/p>\n","protected":false},"author":2,"featured_media":0,"parent":38181,"menu_order":1,"comment_status":"closed","ping_status":"closed","template":"","meta":{"ub_ctt_via":"","inline_featured_image":false,"footnotes":""},"class_list":["post-38185","page","type-page","status-publish","hentry"],"featured_image_src":null,"yoast_head":"<!-- This site is optimized with the Yoast SEO plugin v25.2 - https:\/\/yoast.com\/wordpress\/plugins\/seo\/ -->\n<title>Plan strat\u00e9gique de CLEO : 2018 \u00e0 2023 - CLEO (Community Legal Education Ontario \/ \u00c9ducation juridique communautaire Ontario)<\/title>\n<meta name=\"robots\" content=\"index, follow, max-snippet:-1, max-image-preview:large, max-video-preview:-1\" \/>\n<link rel=\"canonical\" href=\"https:\/\/www.cleo.on.ca\/fr\/a-propos\/plan-strategique-de-cleo-2018-2023\" \/>\n<meta property=\"og:locale\" content=\"fr_FR\" \/>\n<meta property=\"og:type\" content=\"article\" \/>\n<meta property=\"og:title\" content=\"Plan strat\u00e9gique de CLEO : 2018 \u00e0 2023 - CLEO (Community Legal Education Ontario \/ \u00c9ducation juridique communautaire Ontario)\" \/>\n<meta property=\"og:description\" content=\"Le Mandat de CLEO : CLEO est un organisme ind\u00e9pendant et communautaire, d&rsquo;\u00e9ducation et d&rsquo;information juridiques destin\u00e9es au public (\u00c9IJP). CLEO \u0153uvre au profit des personnes qui, en Ontario, n&rsquo;ont pas acc\u00e8s au syst\u00e8me de justice pour des raisons li\u00e9es au revenu, \u00e0 la litt\u00e9ratie, \u00e0 la langue, \u00e0 une invalidit\u00e9,\" \/>\n<meta property=\"og:url\" content=\"https:\/\/www.cleo.on.ca\/fr\/a-propos\/plan-strategique-de-cleo-2018-2023\" \/>\n<meta property=\"og:site_name\" content=\"CLEO (Community Legal Education Ontario \/ \u00c9ducation juridique communautaire Ontario)\" \/>\n<meta property=\"article:modified_time\" content=\"2022-05-05T20:21:45+00:00\" \/>\n<meta name=\"twitter:card\" content=\"summary_large_image\" \/>\n<meta name=\"twitter:label1\" content=\"Dur\u00e9e de lecture estim\u00e9e\" \/>\n\t<meta name=\"twitter:data1\" content=\"2 minutes\" \/>\n<script type=\"application\/ld+json\" class=\"yoast-schema-graph\">{\"@context\":\"https:\/\/schema.org\",\"@graph\":[{\"@type\":\"WebPage\",\"@id\":\"https:\/\/www.cleo.on.ca\/fr\/a-propos\/plan-strategique-de-cleo-2018-2023\",\"url\":\"https:\/\/www.cleo.on.ca\/fr\/a-propos\/plan-strategique-de-cleo-2018-2023\",\"name\":\"Plan strat\u00e9gique de CLEO : 2018 \u00e0 2023 - CLEO (Community Legal Education Ontario \/ \u00c9ducation juridique communautaire Ontario)\",\"isPartOf\":{\"@id\":\"https:\/\/www.cleo.on.ca\/fr#website\"},\"datePublished\":\"2022-03-11T11:03:48+00:00\",\"dateModified\":\"2022-05-05T20:21:45+00:00\",\"breadcrumb\":{\"@id\":\"https:\/\/www.cleo.on.ca\/fr\/a-propos\/plan-strategique-de-cleo-2018-2023#breadcrumb\"},\"inLanguage\":\"fr-FR\",\"potentialAction\":[{\"@type\":\"ReadAction\",\"target\":[\"https:\/\/www.cleo.on.ca\/fr\/a-propos\/plan-strategique-de-cleo-2018-2023\"]}]},{\"@type\":\"BreadcrumbList\",\"@id\":\"https:\/\/www.cleo.on.ca\/fr\/a-propos\/plan-strategique-de-cleo-2018-2023#breadcrumb\",\"itemListElement\":[{\"@type\":\"ListItem\",\"position\":1,\"name\":\"Home\",\"item\":\"https:\/\/www.cleo.on.ca\/fr\/accueil-2\"},{\"@type\":\"ListItem\",\"position\":2,\"name\":\"\u00c0 propos\",\"item\":\"https:\/\/www.cleo.on.ca\/fr\/a-propos\"},{\"@type\":\"ListItem\",\"position\":3,\"name\":\"Plan strat\u00e9gique de CLEO : 2018 \u00e0 2023\"}]},{\"@type\":\"WebSite\",\"@id\":\"https:\/\/www.cleo.on.ca\/fr#website\",\"url\":\"https:\/\/www.cleo.on.ca\/fr\",\"name\":\"CLEO (Community Legal Education Ontario \/ \u00c9ducation juridique communautaire Ontario)\",\"description\":\"\",\"potentialAction\":[{\"@type\":\"SearchAction\",\"target\":{\"@type\":\"EntryPoint\",\"urlTemplate\":\"https:\/\/www.cleo.on.ca\/fr?s={search_term_string}\"},\"query-input\":{\"@type\":\"PropertyValueSpecification\",\"valueRequired\":true,\"valueName\":\"search_term_string\"}}],\"inLanguage\":\"fr-FR\"}]}<\/script>\n<!-- \/ Yoast SEO plugin. -->","yoast_head_json":{"title":"Plan strat\u00e9gique de CLEO : 2018 \u00e0 2023 - CLEO (Community Legal Education Ontario \/ \u00c9ducation juridique communautaire Ontario)","robots":{"index":"index","follow":"follow","max-snippet":"max-snippet:-1","max-image-preview":"max-image-preview:large","max-video-preview":"max-video-preview:-1"},"canonical":"https:\/\/www.cleo.on.ca\/fr\/a-propos\/plan-strategique-de-cleo-2018-2023","og_locale":"fr_FR","og_type":"article","og_title":"Plan strat\u00e9gique de CLEO : 2018 \u00e0 2023 - CLEO (Community Legal Education Ontario \/ \u00c9ducation juridique communautaire Ontario)","og_description":"Le Mandat de CLEO : CLEO est un organisme ind\u00e9pendant et communautaire, d&rsquo;\u00e9ducation et d&rsquo;information juridiques destin\u00e9es au public (\u00c9IJP). CLEO \u0153uvre au profit des personnes qui, en Ontario, n&rsquo;ont pas acc\u00e8s au syst\u00e8me de justice pour des raisons li\u00e9es au revenu, \u00e0 la litt\u00e9ratie, \u00e0 la langue, \u00e0 une invalidit\u00e9,","og_url":"https:\/\/www.cleo.on.ca\/fr\/a-propos\/plan-strategique-de-cleo-2018-2023","og_site_name":"CLEO (Community Legal Education Ontario \/ \u00c9ducation juridique communautaire Ontario)","article_modified_time":"2022-05-05T20:21:45+00:00","twitter_card":"summary_large_image","twitter_misc":{"Dur\u00e9e de lecture estim\u00e9e":"2 minutes"},"schema":{"@context":"https:\/\/schema.org","@graph":[{"@type":"WebPage","@id":"https:\/\/www.cleo.on.ca\/fr\/a-propos\/plan-strategique-de-cleo-2018-2023","url":"https:\/\/www.cleo.on.ca\/fr\/a-propos\/plan-strategique-de-cleo-2018-2023","name":"Plan strat\u00e9gique de CLEO : 2018 \u00e0 2023 - CLEO (Community Legal Education Ontario \/ \u00c9ducation juridique communautaire Ontario)","isPartOf":{"@id":"https:\/\/www.cleo.on.ca\/fr#website"},"datePublished":"2022-03-11T11:03:48+00:00","dateModified":"2022-05-05T20:21:45+00:00","breadcrumb":{"@id":"https:\/\/www.cleo.on.ca\/fr\/a-propos\/plan-strategique-de-cleo-2018-2023#breadcrumb"},"inLanguage":"fr-FR","potentialAction":[{"@type":"ReadAction","target":["https:\/\/www.cleo.on.ca\/fr\/a-propos\/plan-strategique-de-cleo-2018-2023"]}]},{"@type":"BreadcrumbList","@id":"https:\/\/www.cleo.on.ca\/fr\/a-propos\/plan-strategique-de-cleo-2018-2023#breadcrumb","itemListElement":[{"@type":"ListItem","position":1,"name":"Home","item":"https:\/\/www.cleo.on.ca\/fr\/accueil-2"},{"@type":"ListItem","position":2,"name":"\u00c0 propos","item":"https:\/\/www.cleo.on.ca\/fr\/a-propos"},{"@type":"ListItem","position":3,"name":"Plan strat\u00e9gique de CLEO : 2018 \u00e0 2023"}]},{"@type":"WebSite","@id":"https:\/\/www.cleo.on.ca\/fr#website","url":"https:\/\/www.cleo.on.ca\/fr","name":"CLEO (Community Legal Education Ontario \/ \u00c9ducation juridique communautaire Ontario)","description":"","potentialAction":[{"@type":"SearchAction","target":{"@type":"EntryPoint","urlTemplate":"https:\/\/www.cleo.on.ca\/fr?s={search_term_string}"},"query-input":{"@type":"PropertyValueSpecification","valueRequired":true,"valueName":"search_term_string"}}],"inLanguage":"fr-FR"}]}},"meta_box":{"page_show_banner":"0","page_banner_type":"banner","page_banner_title":"","page_banner_title_color":"","page_banner_description":"","page_banner_image":[],"contact_shortcode":"","contact_address":"","contact_address_details":"","contact_map":{"latitude":"","longitude":"","zoom":""},"remove_map":"","contact_company_name":"","contact_company_phones":[],"contact_company_email":"","contact_textarea":"","contact_other_text_block":"","contact_other_locations_show":"","contact_other_locations_title":"","contact_other_locations_type":"","contact_other_locations":[],"contact_gmaps_zoom_control":"","contact_gmaps_map_type_control":"","contact_gmaps_scaleControl":"","contact_gmaps_streetViewControl":"","contact_gmaps_rotateControl":"","contact_gmaps_fullscreenControl":"","location_gmaps_zoom_control":"","location_gmaps_map_type_control":"","location_gmaps_scaleControl":"","location_gmaps_streetViewControl":"","location_gmaps_rotateControl":"","location_gmaps_fullscreenControl":"","menu_page_links_type":"","menu_page_links":[],"menu_page_links_bottom_content":"","external_links_type":"","external_links":[],"external_sublinks":[],"private_staff_information_blocks":[],"private_staff_links_title":"","private_staff_links":[],"legal_topic_menu":[],"sb_display_type":"","sb_people_block":[],"guided_pathways_top_image":false,"guided_pathways_top_description":"","guided_pathways_topic_menu":"","guided_pathways_whats_new_title":"","guided_pathways_news_category":[],"guided_pathways_button_title":"","guided_pathways_button_url":"","guided_pathways_coming_soon_title":"","guided_pathways_coming_soon_category":[],"guided_pathways_coming_soon_button_title":"","guided_pathways_coming_soon_button_url":"","guided_pathways_job_openings_title":"","guided_pathways_job_openings_category":[],"guided_pathways_job_openings_button_title":"","guided_pathways_job_openings_button_url":"","guided_pathways_featured_studies_title":"","guided_pathways_featured_studies_menu":"","guided_pathways_featured_studies_button_title":"","guided_pathways_featured_studies_button_url":"","banner_title":"","banner_description":"","banner_button_title":"","banner_button_url":"","social_menu":"","resource_section_title":"","resources":[],"announcements_title":"","announcements":[],"homepage_news_title":"","homepage_news_category":[],"homepage_news_button_title":"","homepage_news_button_url":"","hide_title":"","page_to_resources_to":[]},"_links":{"self":[{"href":"https:\/\/www.cleo.on.ca\/fr\/wp-json\/wp\/v2\/pages\/38185","targetHints":{"allow":["GET"]}}],"collection":[{"href":"https:\/\/www.cleo.on.ca\/fr\/wp-json\/wp\/v2\/pages"}],"about":[{"href":"https:\/\/www.cleo.on.ca\/fr\/wp-json\/wp\/v2\/types\/page"}],"author":[{"embeddable":true,"href":"https:\/\/www.cleo.on.ca\/fr\/wp-json\/wp\/v2\/users\/2"}],"replies":[{"embeddable":true,"href":"https:\/\/www.cleo.on.ca\/fr\/wp-json\/wp\/v2\/comments?post=38185"}],"version-history":[{"count":2,"href":"https:\/\/www.cleo.on.ca\/fr\/wp-json\/wp\/v2\/pages\/38185\/revisions"}],"predecessor-version":[{"id":38223,"href":"https:\/\/www.cleo.on.ca\/fr\/wp-json\/wp\/v2\/pages\/38185\/revisions\/38223"}],"up":[{"embeddable":true,"href":"https:\/\/www.cleo.on.ca\/fr\/wp-json\/wp\/v2\/pages\/38181"}],"wp:attachment":[{"href":"https:\/\/www.cleo.on.ca\/fr\/wp-json\/wp\/v2\/media?parent=38185"}],"curies":[{"name":"wp","href":"https:\/\/api.w.org\/{rel}","templated":true}]}}