{"id":38190,"date":"2022-03-11T06:14:28","date_gmt":"2022-03-11T11:14:28","guid":{"rendered":"https:\/\/orders.cleo.on.ca\/?page_id=38190"},"modified":"2026-04-30T16:40:28","modified_gmt":"2026-04-30T20:40:28","slug":"notre-equipe","status":"publish","type":"page","link":"https:\/\/www.cleo.on.ca\/fr\/a-propos\/notre-equipe","title":{"rendered":"Notre \u00e9quipe"},"content":{"rendered":"<p>Jess Reekie, Directrice g\u00e9n\u00e9rale<\/p>\n<p>Maria Alexiou, Avocate<\/p>\n<p>Helen Anderson, Directrice, CLEO Connect<\/p>\n<p>Lydia Assam, Sp\u00e9cialiste en apprentissage num\u00e9rique<\/p>\n<p>Erik Bornmann, Directeur Parcours guid\u00e9s<\/p>\n<p>Clarinha Eberlein, Analyste, Parcours guid\u00e9s<\/p>\n<p>Abhikhya Goel, Analyste en assurance qualit\u00e9<\/p>\n<p>Daniel Grushcow, Analyste, Parcours guid\u00e9s<\/p>\n<p>Misha Hossain, Sp\u00e9cialiste en \u00e9v\u00e9nements et engagement communautaire<\/p>\n<p>Moazzam Hossain, Programmeur principal, Parcours guid\u00e9s<\/p>\n<p>Kamilah Hudson, Directrice des finances<\/p>\n<p>Elize Khan, Analyste et coordonnatrice de projets, Parcours guid\u00e9s<\/p>\n<p>Marie Koona, Gestionnaire des services en fran\u00e7ais<\/p>\n<p>Allison Leadley, Gestionnaire, Parcours guid\u00e9s<\/p>\n<p>Stephen Li, Avocat<\/p>\n<p>Joanne Lu, Consultante, Parcours guid\u00e9s<\/p>\n<p>Kim McCutcheon, \u00c9ditrice et sp\u00e9cialiste du langage clair<\/p>\n<p>Nicole Osbourne-James, \u00c9ditrice et coordonnatrice de la production<\/p>\n<p>Jennifer Pasang, Analyste en assurance qualit\u00e9<\/p>\n<p>Mira Poliszczuk, Coordonnatrice de la production et du site Web<\/p>\n<p>Iqra Rafique, Avocate \u2013 Formation et D\u00e9veloppement de contenu juridique et programmes d\u2019education juridique<\/p>\n<p>Ally Reiner, Analyste, Parcours guid\u00e9s<\/p>\n<p>Max Scheffel, Analyste et coordonnateur de projets, Parcours guid\u00e9s<\/p>\n<p>Michael Speers, Sp\u00e9cialiste des communications<\/p>\n<p>Marianne Stephens, Sp\u00e9cialiste des services d&rsquo;information et d&rsquo;orientation<\/p>\n<p>Christy Tang, Avocate<\/p>\n<p>Elizabeth Teed, Avocate<\/p>\n<p>Daissem Trimech, Coordonnatrice de la sensibilisation et de l&rsquo;\u00e9ducation<\/p>\n<p>Carina Vincent, Coordonnatrice\/\u00e9ditrice de contenu en ligne<\/p>\n<p>Fara Wali, Directrice, Justice pas-\u00e0-pas<\/p>\n<p>Maya Willard-Stepan, Consultante en projet<\/p>\n<p>Gavin Williams, Coordonnateur des op\u00e9rations<\/p>","protected":false},"excerpt":{"rendered":"<p>Jess Reekie, Directrice g\u00e9n\u00e9rale<br \/>\nMaria Alexiou, Avocate<br \/>\nHelen Anderson, Directrice, CLEO Connect<br \/>\nLydia Assam, Sp\u00e9cialiste en apprentissage num\u00e9rique<br \/>\nErik Bornmann, Directeur Parcours guid\u00e9s<br \/>\nClarinha Eberlein, Analyste, Parcours guid\u00e9s<br \/>\nAbhikhya Goel, Analyste en assurance qualit\u00e9<br \/>\nDaniel Grushcow, Analyste, Parcours guid\u00e9s<br \/>\nMisha Hossain, Sp\u00e9cialiste en \u00e9v\u00e9nements et engagement communautaire<br \/>\nMoazzam Hossain, Programmeur principal,<\/p>\n","protected":false},"author":2,"featured_media":0,"parent":38181,"menu_order":3,"comment_status":"closed","ping_status":"closed","template":"","meta":{"ub_ctt_via":"","inline_featured_image":false,"footnotes":""},"class_list":["post-38190","page","type-page","status-publish","hentry"],"featured_image_src":null,"yoast_head":"<!-- This site is optimized with the Yoast SEO plugin v25.2 - https:\/\/yoast.com\/wordpress\/plugins\/seo\/ -->\n<title>Notre \u00e9quipe - CLEO (Community Legal Education Ontario \/ \u00c9ducation juridique communautaire Ontario)<\/title>\n<meta name=\"robots\" content=\"index, follow, max-snippet:-1, max-image-preview:large, max-video-preview:-1\" \/>\n<link rel=\"canonical\" href=\"https:\/\/www.cleo.on.ca\/fr\/a-propos\/notre-equipe\" \/>\n<meta property=\"og:locale\" content=\"fr_FR\" \/>\n<meta property=\"og:type\" content=\"article\" \/>\n<meta property=\"og:title\" content=\"Notre \u00e9quipe - CLEO (Community Legal Education Ontario \/ \u00c9ducation juridique communautaire Ontario)\" \/>\n<meta property=\"og:description\" content=\"Jess Reekie, Directrice g\u00e9n\u00e9rale Maria Alexiou, Avocate Helen Anderson, Directrice, CLEO Connect Lydia Assam, Sp\u00e9cialiste en apprentissage num\u00e9rique Erik Bornmann, Directeur Parcours guid\u00e9s Clarinha Eberlein, Analyste, Parcours guid\u00e9s Abhikhya Goel, Analyste en assurance qualit\u00e9 Daniel Grushcow, Analyste, Parcours guid\u00e9s Misha Hossain, Sp\u00e9cialiste en \u00e9v\u00e9nements et engagement communautaire Moazzam Hossain, Programmeur principal,\" \/>\n<meta property=\"og:url\" content=\"https:\/\/www.cleo.on.ca\/fr\/a-propos\/notre-equipe\" \/>\n<meta property=\"og:site_name\" content=\"CLEO (Community Legal Education Ontario \/ \u00c9ducation juridique communautaire Ontario)\" \/>\n<meta property=\"article:modified_time\" content=\"2026-04-30T20:40:28+00:00\" \/>\n<meta name=\"twitter:card\" content=\"summary_large_image\" \/>\n<meta name=\"twitter:label1\" content=\"Dur\u00e9e de lecture estim\u00e9e\" \/>\n\t<meta name=\"twitter:data1\" content=\"1 minute\" \/>\n<script type=\"application\/ld+json\" class=\"yoast-schema-graph\">{\"@context\":\"https:\/\/schema.org\",\"@graph\":[{\"@type\":\"WebPage\",\"@id\":\"https:\/\/www.cleo.on.ca\/fr\/a-propos\/notre-equipe\",\"url\":\"https:\/\/www.cleo.on.ca\/fr\/a-propos\/notre-equipe\",\"name\":\"Notre \u00e9quipe - CLEO (Community Legal Education Ontario \/ \u00c9ducation juridique communautaire Ontario)\",\"isPartOf\":{\"@id\":\"https:\/\/www.cleo.on.ca\/fr#website\"},\"datePublished\":\"2022-03-11T11:14:28+00:00\",\"dateModified\":\"2026-04-30T20:40:28+00:00\",\"breadcrumb\":{\"@id\":\"https:\/\/www.cleo.on.ca\/fr\/a-propos\/notre-equipe#breadcrumb\"},\"inLanguage\":\"fr-FR\",\"potentialAction\":[{\"@type\":\"ReadAction\",\"target\":[\"https:\/\/www.cleo.on.ca\/fr\/a-propos\/notre-equipe\"]}]},{\"@type\":\"BreadcrumbList\",\"@id\":\"https:\/\/www.cleo.on.ca\/fr\/a-propos\/notre-equipe#breadcrumb\",\"itemListElement\":[{\"@type\":\"ListItem\",\"position\":1,\"name\":\"Home\",\"item\":\"https:\/\/www.cleo.on.ca\/fr\/accueil-2\"},{\"@type\":\"ListItem\",\"position\":2,\"name\":\"\u00c0 propos\",\"item\":\"https:\/\/www.cleo.on.ca\/fr\/a-propos\"},{\"@type\":\"ListItem\",\"position\":3,\"name\":\"Notre \u00e9quipe\"}]},{\"@type\":\"WebSite\",\"@id\":\"https:\/\/www.cleo.on.ca\/fr#website\",\"url\":\"https:\/\/www.cleo.on.ca\/fr\",\"name\":\"CLEO (Community Legal Education Ontario \/ \u00c9ducation juridique communautaire Ontario)\",\"description\":\"\",\"potentialAction\":[{\"@type\":\"SearchAction\",\"target\":{\"@type\":\"EntryPoint\",\"urlTemplate\":\"https:\/\/www.cleo.on.ca\/fr?s={search_term_string}\"},\"query-input\":{\"@type\":\"PropertyValueSpecification\",\"valueRequired\":true,\"valueName\":\"search_term_string\"}}],\"inLanguage\":\"fr-FR\"}]}<\/script>\n<!-- \/ Yoast SEO plugin. -->","yoast_head_json":{"title":"Notre \u00e9quipe - CLEO (Community Legal Education Ontario \/ \u00c9ducation juridique communautaire Ontario)","robots":{"index":"index","follow":"follow","max-snippet":"max-snippet:-1","max-image-preview":"max-image-preview:large","max-video-preview":"max-video-preview:-1"},"canonical":"https:\/\/www.cleo.on.ca\/fr\/a-propos\/notre-equipe","og_locale":"fr_FR","og_type":"article","og_title":"Notre \u00e9quipe - CLEO (Community Legal Education Ontario \/ \u00c9ducation juridique communautaire Ontario)","og_description":"Jess Reekie, Directrice g\u00e9n\u00e9rale Maria Alexiou, Avocate Helen Anderson, Directrice, CLEO Connect Lydia Assam, Sp\u00e9cialiste en apprentissage num\u00e9rique Erik Bornmann, Directeur Parcours guid\u00e9s Clarinha Eberlein, Analyste, Parcours guid\u00e9s Abhikhya Goel, Analyste en assurance qualit\u00e9 Daniel Grushcow, Analyste, Parcours guid\u00e9s Misha Hossain, Sp\u00e9cialiste en \u00e9v\u00e9nements et engagement communautaire Moazzam Hossain, Programmeur principal,","og_url":"https:\/\/www.cleo.on.ca\/fr\/a-propos\/notre-equipe","og_site_name":"CLEO (Community Legal Education Ontario \/ \u00c9ducation juridique communautaire Ontario)","article_modified_time":"2026-04-30T20:40:28+00:00","twitter_card":"summary_large_image","twitter_misc":{"Dur\u00e9e de lecture estim\u00e9e":"1 minute"},"schema":{"@context":"https:\/\/schema.org","@graph":[{"@type":"WebPage","@id":"https:\/\/www.cleo.on.ca\/fr\/a-propos\/notre-equipe","url":"https:\/\/www.cleo.on.ca\/fr\/a-propos\/notre-equipe","name":"Notre \u00e9quipe - CLEO (Community Legal Education Ontario \/ \u00c9ducation juridique communautaire Ontario)","isPartOf":{"@id":"https:\/\/www.cleo.on.ca\/fr#website"},"datePublished":"2022-03-11T11:14:28+00:00","dateModified":"2026-04-30T20:40:28+00:00","breadcrumb":{"@id":"https:\/\/www.cleo.on.ca\/fr\/a-propos\/notre-equipe#breadcrumb"},"inLanguage":"fr-FR","potentialAction":[{"@type":"ReadAction","target":["https:\/\/www.cleo.on.ca\/fr\/a-propos\/notre-equipe"]}]},{"@type":"BreadcrumbList","@id":"https:\/\/www.cleo.on.ca\/fr\/a-propos\/notre-equipe#breadcrumb","itemListElement":[{"@type":"ListItem","position":1,"name":"Home","item":"https:\/\/www.cleo.on.ca\/fr\/accueil-2"},{"@type":"ListItem","position":2,"name":"\u00c0 propos","item":"https:\/\/www.cleo.on.ca\/fr\/a-propos"},{"@type":"ListItem","position":3,"name":"Notre \u00e9quipe"}]},{"@type":"WebSite","@id":"https:\/\/www.cleo.on.ca\/fr#website","url":"https:\/\/www.cleo.on.ca\/fr","name":"CLEO (Community Legal Education Ontario \/ \u00c9ducation juridique communautaire Ontario)","description":"","potentialAction":[{"@type":"SearchAction","target":{"@type":"EntryPoint","urlTemplate":"https:\/\/www.cleo.on.ca\/fr?s={search_term_string}"},"query-input":{"@type":"PropertyValueSpecification","valueRequired":true,"valueName":"search_term_string"}}],"inLanguage":"fr-FR"}]}},"meta_box":{"page_show_banner":"0","page_banner_type":"banner","page_banner_title":"","page_banner_title_color":"","page_banner_description":"","page_banner_image":[],"contact_shortcode":"","contact_address":"","contact_address_details":"","contact_map":{"latitude":"","longitude":"","zoom":""},"remove_map":"","contact_company_name":"","contact_company_phones":[],"contact_company_email":"","contact_textarea":"","contact_other_text_block":"","contact_other_locations_show":"","contact_other_locations_title":"","contact_other_locations_type":"","contact_other_locations":[],"contact_gmaps_zoom_control":"","contact_gmaps_map_type_control":"","contact_gmaps_scaleControl":"","contact_gmaps_streetViewControl":"","contact_gmaps_rotateControl":"","contact_gmaps_fullscreenControl":"","location_gmaps_zoom_control":"","location_gmaps_map_type_control":"","location_gmaps_scaleControl":"","location_gmaps_streetViewControl":"","location_gmaps_rotateControl":"","location_gmaps_fullscreenControl":"","menu_page_links_type":"","menu_page_links":[],"menu_page_links_bottom_content":"","external_links_type":"","external_links":[],"external_sublinks":[],"private_staff_information_blocks":[],"private_staff_links_title":"","private_staff_links":[],"legal_topic_menu":[],"sb_display_type":"","sb_people_block":[],"guided_pathways_top_image":false,"guided_pathways_top_description":"","guided_pathways_topic_menu":"","guided_pathways_whats_new_title":"","guided_pathways_news_category":[],"guided_pathways_button_title":"","guided_pathways_button_url":"","guided_pathways_coming_soon_title":"","guided_pathways_coming_soon_category":[],"guided_pathways_coming_soon_button_title":"","guided_pathways_coming_soon_button_url":"","guided_pathways_job_openings_title":"","guided_pathways_job_openings_category":[],"guided_pathways_job_openings_button_title":"","guided_pathways_job_openings_button_url":"","guided_pathways_featured_studies_title":"","guided_pathways_featured_studies_menu":"","guided_pathways_featured_studies_button_title":"","guided_pathways_featured_studies_button_url":"","banner_title":"","banner_description":"","banner_button_title":"","banner_button_url":"","social_menu":"","resource_section_title":"","resources":[],"announcements_title":"","announcements":[],"homepage_news_title":"","homepage_news_category":[],"homepage_news_button_title":"","homepage_news_button_url":"","hide_title":"0","page_to_resources_to":[]},"_links":{"self":[{"href":"https:\/\/www.cleo.on.ca\/fr\/wp-json\/wp\/v2\/pages\/38190","targetHints":{"allow":["GET"]}}],"collection":[{"href":"https:\/\/www.cleo.on.ca\/fr\/wp-json\/wp\/v2\/pages"}],"about":[{"href":"https:\/\/www.cleo.on.ca\/fr\/wp-json\/wp\/v2\/types\/page"}],"author":[{"embeddable":true,"href":"https:\/\/www.cleo.on.ca\/fr\/wp-json\/wp\/v2\/users\/2"}],"replies":[{"embeddable":true,"href":"https:\/\/www.cleo.on.ca\/fr\/wp-json\/wp\/v2\/comments?post=38190"}],"version-history":[{"count":63,"href":"https:\/\/www.cleo.on.ca\/fr\/wp-json\/wp\/v2\/pages\/38190\/revisions"}],"predecessor-version":[{"id":64602,"href":"https:\/\/www.cleo.on.ca\/fr\/wp-json\/wp\/v2\/pages\/38190\/revisions\/64602"}],"up":[{"embeddable":true,"href":"https:\/\/www.cleo.on.ca\/fr\/wp-json\/wp\/v2\/pages\/38181"}],"wp:attachment":[{"href":"https:\/\/www.cleo.on.ca\/fr\/wp-json\/wp\/v2\/media?parent=38190"}],"curies":[{"name":"wp","href":"https:\/\/api.w.org\/{rel}","templated":true}]}}