{"id":38195,"date":"2022-03-11T06:18:55","date_gmt":"2022-03-11T11:18:55","guid":{"rendered":"https:\/\/orders.cleo.on.ca\/?page_id=38195"},"modified":"2026-02-06T14:35:38","modified_gmt":"2026-02-06T19:35:38","slug":"notre-conseil-dadministration","status":"publish","type":"page","link":"https:\/\/www.cleo.on.ca\/fr\/a-propos\/notre-conseil-dadministration","title":{"rendered":"Notre conseil d\u2019administration"},"content":{"rendered":"<h3>Rami Shoucri, Pr\u00e9sident<\/h3>\n<p>Rami est m\u00e9decin de famille au sein de l&rsquo;\u00c9quipe de sant\u00e9 familiale universitaire de l&rsquo;H\u00f4pital St. Michael, o\u00f9 il a auparavant \u00e9t\u00e9 champion clinique du Partenariat sant\u00e9 et justice, pr\u00e9sident du Comit\u00e9 de plaidoyer et responsable du site des m\u00e9decins du Centre de sant\u00e9 Sumac Creek. Il est m\u00e9decin membre de la Commission du consentement et de la capacit\u00e9 de l&rsquo;Ontario depuis 2019. Auparavant, il a \u00e9t\u00e9 m\u00e9decin traitant et il est actuellement m\u00e9decin suppl\u00e9ant pour la Weeneebayko Area Health Authority, sur la c\u00f4te ouest de la baie James.<\/p>\n<p>Il est membre du Coll\u00e8ge des m\u00e9decins et chirurgiens de l&rsquo;Ontario, de l&rsquo;Association m\u00e9dicale de l&rsquo;Ontario et du Coll\u00e8ge des m\u00e9decins de famille du Canada. Rami est \u00e9galement titulaire d&rsquo;un doctorat en droit de la Facult\u00e9 de droit Osgoode Hall et d&rsquo;une ma\u00eetrise en droit (LL.M.) de la Facult\u00e9 de droit de l&rsquo;Universit\u00e9 de Toronto.<\/p>\n<p>Depuis qu&rsquo;il a rejoint le D\u00e9partement de m\u00e9decine familiale et communautaire de l&rsquo;H\u00f4pital St. Michael en 2016, Rami s&rsquo;est forg\u00e9 une r\u00e9putation de champion et de leader dans la compr\u00e9hension et dans la capacit\u00e9 \u00e0 aider les autres \u00e0 comprendre et \u00e0 agir sur \u2014 des occasions cl\u00e9s de plaidoyer visant \u00e0 am\u00e9liorer la sant\u00e9 des patient(e)s et des communaut\u00e9s les plus vuln\u00e9rables.<\/p>\n<p>Il se joindra au cabinet Borden, Ladner, and Gervais (BLG) \u00e0 titre de stagiaire en droit pour la p\u00e9riode 2025-2026<\/p>\n<h3>Kylie Stanners, Vice-presidente<\/h3>\n<p>Kylie Stanners est directrice des op\u00e9rations aupr\u00e8s des Services juridiques communautaires d&rsquo;Ottawa. Les Services juridiques communautaires d&rsquo;Ottawa est un regroupement de cliniques juridiques de service g\u00e9n\u00e9ral qui offrent de l&rsquo;assistance aux personnes qui ont des probl\u00e8mes li\u00e9s au logement (pour les locataires), aux prestations sociales, \u00e0 l&rsquo;immigration, \u00e0 l&rsquo;assurance-emploi et \u00e0 l&rsquo;indemnisation des accident\u00e9s du travail. Elle a travaill\u00e9 dans le syst\u00e8me des cliniques depuis plus de 30 ans. Elle est tr\u00e8s int\u00e9ress\u00e9e par l&rsquo;utilisation de la technologie pour soutenir le travail des cliniques et garantir l&rsquo;acc\u00e8s \u00e0 la justice.<\/p>\n<p>Kylie est actuellement membre du Groupe de travail CIMS et coordonne la conf\u00e9rence annuelle sur le droit de l&rsquo;immigration d&rsquo;Ottawa. Kylie a \u00e9t\u00e9 membre du bureau ex\u00e9cutif de l&rsquo;Association des cliniques juridiques communautaires de l&rsquo;Ontario, ancienne membre du comit\u00e9 consultatif sur les technologies de l&rsquo;information aupr\u00e8s d&rsquo;Aide juridique Ontario et du Centre d&rsquo;aide aux victimes du viol \u00e0 Ottawa. Elle a fait du b\u00e9n\u00e9volat comme enseignante en alphab\u00e9tisation pour adultes aupr\u00e8s de People, Words and Change \u00e0 Ottawa.<\/p>\n<h3>Prem Lobo, Tr\u00e9sori\u00e8r<\/h3>\n<p>Prem Lobo est directeur chez Cohen Hamilton Steger &amp; Co. Inc. Il est comptable agr\u00e9\u00e9 et \u00e9valuateur agr\u00e9\u00e9 d&rsquo;entreprises, et se sp\u00e9cialise dans la quantification des dommages, les \u00e9valuations d&rsquo;entreprises et la juricomptabilit\u00e9. Sa pratique se concentre exclusivement dans ce domaine depuis 2001. En 2013, Prem a \u00e9t\u00e9 nomm\u00e9 par l&rsquo;Institut canadien des experts en \u00e9valuation d&rsquo;entreprises (ICEEE) \u00ab Meilleur expert en \u00e9valuation d&rsquo;entreprises de moins de 40 ans \u00bb et il a re\u00e7u le Prix du Communicateur en 2014 et 2016, d\u00e9cern\u00e9 par l&rsquo;ICEEE.<\/p>\n<p>Prem a pr\u00e9par\u00e9 ou contribu\u00e9 \u00e0 la pr\u00e9paration de nombreux rapports d&rsquo;experts et affidavits et a t\u00e9moign\u00e9 en tant que juricomptable en titre, \u00e9valuateur d&rsquo;entreprise et expert en quantification des pertes dans plusieurs juridictions.<\/p>\n<p>Plusieurs fois conf\u00e9rencier et \u00e9crivain, Prem a publi\u00e9 des articles et des rapports dans de nombreuses revues d&rsquo;ordre juridique et comptable, notamment le Journal of Business Valuation, CA Magazine, Business Valuation Digest, le Advocates&rsquo; Journal, Commercial Litigation Review et le Class Action Defence Quarterly. Prem a enseign\u00e9 des cours de comptabilit\u00e9 aux niveaux du premier cycle et des cycles sup\u00e9rieurs \u00e0 la Schulich School of Business de l&rsquo;Universit\u00e9 York et \u00e0 l&rsquo;Universit\u00e9 de l&rsquo;Ontario.<\/p>\n<p>Avant, Prem \u00e9tait un membre du conseil d&rsquo;administration de l&rsquo;Ontario Expropriation Association et de la maison Sancta Maria.<\/p>\n<h3>Olalekan (Wole) Akinremi<\/h3>\n<p>Olalekan (Wole) Akinremi est avocat chez WeirFoulds LLP et associ\u00e9 au sein au sein des groupes de pratique Technologie et propri\u00e9t\u00e9 intellectuelle et Confidentialit\u00e9 et acc\u00e8s \u00e0 l&rsquo;information. Sa pratique couvre un large \u00e9ventail de questions complexes, notamment les transactions technologiques commerciales, la conformit\u00e9 en mati\u00e8re de protection de la vie priv\u00e9e, la s\u00e9curit\u00e9 des donn\u00e9es, l&rsquo;intelligence artificielle et la propri\u00e9t\u00e9 intellectuelle.<\/p>\n<p>Wole apporte une combinaison remarquable d&rsquo;exp\u00e9rience en cabinet priv\u00e9 et en entreprise. Avant de se joindre \u00e0 WeirFoulds LLP, il a occup\u00e9 le poste de copr\u00e9sident du groupe de pratique en droit des technologies dans un cabinet sp\u00e9cialis\u00e9. Plus t\u00f4t dans sa carri\u00e8re, il a travaill\u00e9 pendant cinq ans comme conseiller juridique au sein d&rsquo;un cabinet des \u00ab Big Four \u00bb et de deux entreprises du Fortune 500, ce qui lui a permis d&rsquo;acqu\u00e9rir une compr\u00e9hension inestimable des d\u00e9fis juridiques concrets auxquels sont confront\u00e9es les grandes organisations en mati\u00e8re de technologies et de la protection des renseignements personnels.<\/p>\n<p>Professionnel certifi\u00e9 en protection des renseignements personnels (CIPP\/C), Wole est reconnu comme un leader d&rsquo;opinion dans son domaine et intervient fr\u00e9quemment sur les enjeux \u00e9mergents li\u00e9s aux technologies, \u00e0 l&rsquo;intelligence artificielle et au droit de la protection de la vie priv\u00e9e. Au-del\u00e0 de sa pratique juridique, Wole est profond\u00e9ment engag\u00e9 pour faire progresser la profession par le mentorat, en mettant un accent particulier sur le soutien aux \u00e9tudiants en droit, aux jeunes avocats et aux juristes form\u00e9s \u00e0 l&rsquo;\u00e9tranger dans le d\u00e9veloppement de leur carri\u00e8re.<\/p>\n<h3>Aiman Flahat<\/h3>\n<p>Aiman est un \u00e9ducateur chevronn\u00e9 qui compte plus de 25 ans d&rsquo;exp\u00e9rience en enseignement, et en administration aux niveaux secondaire, coll\u00e9gial et universitaire. Il a re\u00e7u le prix d&rsquo;excellence du Conseil scolaire du district de Toronto (2014), le prix national du directeur remarquable du Canada (2012) d\u00e9cern\u00e9 par le prestigieux Partenariat en Education, et a \u00e9t\u00e9 nomin\u00e9 par la communaut\u00e9 pour le Metroland Media Urban Hero Award 2017.<\/p>\n<p>Aiman est actuellement directeur rattach\u00e9 au programme \u00c9quit\u00e9 et Am\u00e9lioration des \u00e9coles. Le programme soutient et encadre les administrateurs scolaires dans 42 \u00e9coles du conseil scolaire du district de Toronto. En se concentrant sur l&rsquo;\u00e9quit\u00e9 et la lutte contre l&rsquo;oppression, Aiman s&rsquo;est engag\u00e9 \u00e0 aider les \u00e9coles dans l&rsquo;identification des obstacles qui emp\u00eachent la r\u00e9ussite des \u00e9l\u00e8ves, et en travaillant avec les \u00e9ducateurs pour \u00e9liminer ces obstacles. Il estime que chaque \u00e9l\u00e8ve peut apprendre s&rsquo;il dispose des opportunit\u00e9s n\u00e9cessaires, et des syst\u00e8mes d&rsquo;aide \u00e0 la r\u00e9ussite. En faisant participer les \u00e9tablissements d&rsquo;enseignement postsecondaire, le secteur \u00e9ducatif et plusieurs sph\u00e8res du gouvernement, Aiman a \u00e9tabli des partenariats efficaces, et a obtenu des financements pour fournir aux \u00e9tudiants les ressources dont ils ont besoin pour r\u00e9ussir. Ayant si\u00e9g\u00e9 \u00e0 de nombreux comit\u00e9s et organisations communautaires, dont le conseil d&rsquo;administration du R\u00e9seau de sant\u00e9 Unison et, plus r\u00e9cemment, le conseil d&rsquo;administration de CLEO (\u00c9ducation juridique communautaire Ontario), il poss\u00e8de une vaste exp\u00e9rience dans l&rsquo;appui aux communaut\u00e9s d\u00e9favoris\u00e9es, et croit que l&rsquo;\u00e9ducation est la cl\u00e9 qui ouvrira les portes du succ\u00e8s pour tous les \u00e9l\u00e8ves.<\/p>\n<p>Aiman a rencontr\u00e9 et fait des pr\u00e9sentations aux d\u00e9l\u00e9gations de responsables de l&rsquo;\u00e9ducation de plus de 15 pays, sur les m\u00e9thodes de leadership scolaire efficaces, l&rsquo;am\u00e9lioration des \u00e9coles, le leadership p\u00e9dagogique, le soutien aux communaut\u00e9s de nouveaux arrivants, le d\u00e9veloppement de partenariats et la construction d&rsquo;\u00e9coles communautaires du futur. Il est titulaire d&rsquo;une ma\u00eetrise en technologies de l&rsquo;information, et a suivi une formation en leadership ex\u00e9cutif \u00e0 l&rsquo;\u00c9cole de gestion Rotman de l&rsquo;Universit\u00e9 de Toronto, ainsi qu&rsquo;\u00e0 l&rsquo;\u00c9cole de gestion Richard Ivey. Il est actuellement inscrit au programme Leading Change de l&rsquo;Universit\u00e9 de Harvard.<\/p>\n<h3>John No<\/h3>\n<p>John est un chef d&rsquo;un groupe d&rsquo;avocats communautaires sp\u00e9cialis\u00e9s en droits des travailleurs chez Parkdale Community Legal Services. Depuis 2011, son domaine de pratique comporte le droit du travail, les droits de la personne, le RPC-I, la Loi sur la sant\u00e9 et la s\u00e9curit\u00e9 au travail et les prestations d&rsquo;assurance-emploi. Il travaille en \u00e9troite collaboration avec le Workers&rsquo; Action Centre, le Caregivers Action Centre, la Migrant Workers Alliance for Change et le centre FCJ pour les r\u00e9fugi\u00e9s. Il encadre \u00e9galement dix \u00e9tudiants en droit par an. John a \u00e9t\u00e9 (et est) professeur auxiliaire \u00e0 la Osgoode Hall Law School pendant plusieurs ann\u00e9es, o\u00f9 il a \u00e9t\u00e9 le r\u00e9cipiendaire du prix d&rsquo;enseignement Osgoode 2017.<\/p>\n<p>John a fait un stage chez United Steelworkers. En 2008, il s&rsquo;est joint au Community Advocacy &amp; Legal Centre \u00e0 Belleville. Gr\u00e2ce \u00e0 un partenariat, il a \u00e9galement repr\u00e9sent\u00e9 des personnes \u00e0 faible revenu dans le comt\u00e9 de Northumberland dans des affaires de cong\u00e9diement injustifi\u00e9. Pendant son s\u00e9jour dans l&rsquo;est de l&rsquo;Ontario, John a \u00e9galement si\u00e9g\u00e9 au conseil d&rsquo;administration de Quinte United Immigration Services.<\/p>\n<h3>Barbara Wiktorowicz<\/h3>\n<p>Barbara travaille aujourd&rsquo;hui comme consultante chez Maplewood Consulting. Elle a \u00e9t\u00e9 pendant plus de dix ans, la directrice g\u00e9n\u00e9rale du Centre canadien de l&rsquo;agr\u00e9ment (CCA), autrefois Sant\u00e9 des organismes communautaires (Community Organizational Health). Auparavant, elle \u00e9tait la directrice g\u00e9n\u00e9rale de la Clinique de sant\u00e9 des femmes (Women\u2019s Health Clinic), un centre de sant\u00e9 communautaire \u00e0 Winnipeg, et a occup\u00e9 des postes de direction aupr\u00e8s d\u2019autres organismes communautaires, notamment la Soci\u00e9t\u00e9 Alzheimer, la Soci\u00e9t\u00e9 Elizabeth Fry et les services communautaires de York.<\/p>\n<p>Barbara a \u00e9galement assum\u00e9 les fonctions d&rsquo;instructrice aupr\u00e8s de la Facult\u00e9 de travail social de l&rsquo;Universit\u00e9 du Manitoba. Elle est examinatrice b\u00e9n\u00e9vole en accr\u00e9ditation aupr\u00e8s de la CCA et a \u00e9t\u00e9 impliqu\u00e9e dans divers autres r\u00f4les li\u00e9s au b\u00e9n\u00e9volat. Elle a \u00e9t\u00e9 la pr\u00e9sidente du conseil d&rsquo;administration du Centre pour femmes Elspeth Heyworth et du Centre d&rsquo;excellence pour la sant\u00e9 des femmes &#8211; r\u00e9gion des Prairies.<\/p>","protected":false},"excerpt":{"rendered":"<p>Rami Shoucri, Pr\u00e9sident<br \/>\nRami est m\u00e9decin de famille au sein de l&rsquo;\u00c9quipe de sant\u00e9 familiale universitaire de l&rsquo;H\u00f4pital St. Michael, o\u00f9 il a auparavant \u00e9t\u00e9 champion clinique du Partenariat sant\u00e9 et justice, pr\u00e9sident du Comit\u00e9 de plaidoyer et responsable du site des m\u00e9decins du Centre de sant\u00e9 Sumac Creek. Il est m\u00e9decin membre de la Commission du consentement et de la capacit\u00e9 de l&rsquo;Ontario depuis 2019.<\/p>\n","protected":false},"author":2,"featured_media":0,"parent":38181,"menu_order":4,"comment_status":"closed","ping_status":"closed","template":"","meta":{"ub_ctt_via":"","inline_featured_image":false,"footnotes":""},"class_list":["post-38195","page","type-page","status-publish","hentry"],"featured_image_src":null,"yoast_head":"<!-- This site is optimized with the Yoast SEO plugin v25.2 - https:\/\/yoast.com\/wordpress\/plugins\/seo\/ -->\n<title>Notre conseil d\u2019administration - CLEO (Community Legal Education Ontario \/ \u00c9ducation juridique communautaire Ontario)<\/title>\n<meta name=\"robots\" content=\"index, follow, max-snippet:-1, max-image-preview:large, max-video-preview:-1\" \/>\n<link rel=\"canonical\" href=\"https:\/\/www.cleo.on.ca\/fr\/a-propos\/notre-conseil-dadministration\" \/>\n<meta property=\"og:locale\" content=\"fr_FR\" \/>\n<meta property=\"og:type\" content=\"article\" \/>\n<meta property=\"og:title\" content=\"Notre conseil d\u2019administration - CLEO (Community Legal Education Ontario \/ \u00c9ducation juridique communautaire Ontario)\" \/>\n<meta property=\"og:description\" content=\"Rami Shoucri, Pr\u00e9sident Rami est m\u00e9decin de famille au sein de l&rsquo;\u00c9quipe de sant\u00e9 familiale universitaire de l&rsquo;H\u00f4pital St. Michael, o\u00f9 il a auparavant \u00e9t\u00e9 champion clinique du Partenariat sant\u00e9 et justice, pr\u00e9sident du Comit\u00e9 de plaidoyer et responsable du site des m\u00e9decins du Centre de sant\u00e9 Sumac Creek. Il est m\u00e9decin membre de la Commission du consentement et de la capacit\u00e9 de l&rsquo;Ontario depuis 2019.\" \/>\n<meta property=\"og:url\" content=\"https:\/\/www.cleo.on.ca\/fr\/a-propos\/notre-conseil-dadministration\" \/>\n<meta property=\"og:site_name\" content=\"CLEO (Community Legal Education Ontario \/ \u00c9ducation juridique communautaire Ontario)\" \/>\n<meta property=\"article:modified_time\" content=\"2026-02-06T19:35:38+00:00\" \/>\n<meta name=\"twitter:card\" content=\"summary_large_image\" \/>\n<meta name=\"twitter:label1\" content=\"Dur\u00e9e de lecture estim\u00e9e\" \/>\n\t<meta name=\"twitter:data1\" content=\"7 minutes\" \/>\n<script type=\"application\/ld+json\" class=\"yoast-schema-graph\">{\"@context\":\"https:\/\/schema.org\",\"@graph\":[{\"@type\":\"WebPage\",\"@id\":\"https:\/\/www.cleo.on.ca\/fr\/a-propos\/notre-conseil-dadministration\",\"url\":\"https:\/\/www.cleo.on.ca\/fr\/a-propos\/notre-conseil-dadministration\",\"name\":\"Notre conseil d\u2019administration - CLEO (Community Legal Education Ontario \/ \u00c9ducation juridique communautaire Ontario)\",\"isPartOf\":{\"@id\":\"https:\/\/www.cleo.on.ca\/fr#website\"},\"datePublished\":\"2022-03-11T11:18:55+00:00\",\"dateModified\":\"2026-02-06T19:35:38+00:00\",\"breadcrumb\":{\"@id\":\"https:\/\/www.cleo.on.ca\/fr\/a-propos\/notre-conseil-dadministration#breadcrumb\"},\"inLanguage\":\"fr-FR\",\"potentialAction\":[{\"@type\":\"ReadAction\",\"target\":[\"https:\/\/www.cleo.on.ca\/fr\/a-propos\/notre-conseil-dadministration\"]}]},{\"@type\":\"BreadcrumbList\",\"@id\":\"https:\/\/www.cleo.on.ca\/fr\/a-propos\/notre-conseil-dadministration#breadcrumb\",\"itemListElement\":[{\"@type\":\"ListItem\",\"position\":1,\"name\":\"Home\",\"item\":\"https:\/\/www.cleo.on.ca\/fr\/accueil-2\"},{\"@type\":\"ListItem\",\"position\":2,\"name\":\"\u00c0 propos\",\"item\":\"https:\/\/www.cleo.on.ca\/fr\/a-propos\"},{\"@type\":\"ListItem\",\"position\":3,\"name\":\"Notre conseil d\u2019administration\"}]},{\"@type\":\"WebSite\",\"@id\":\"https:\/\/www.cleo.on.ca\/fr#website\",\"url\":\"https:\/\/www.cleo.on.ca\/fr\",\"name\":\"CLEO (Community Legal Education Ontario \/ \u00c9ducation juridique communautaire Ontario)\",\"description\":\"\",\"potentialAction\":[{\"@type\":\"SearchAction\",\"target\":{\"@type\":\"EntryPoint\",\"urlTemplate\":\"https:\/\/www.cleo.on.ca\/fr?s={search_term_string}\"},\"query-input\":{\"@type\":\"PropertyValueSpecification\",\"valueRequired\":true,\"valueName\":\"search_term_string\"}}],\"inLanguage\":\"fr-FR\"}]}<\/script>\n<!-- \/ Yoast SEO plugin. -->","yoast_head_json":{"title":"Notre conseil d\u2019administration - CLEO (Community Legal Education Ontario \/ \u00c9ducation juridique communautaire Ontario)","robots":{"index":"index","follow":"follow","max-snippet":"max-snippet:-1","max-image-preview":"max-image-preview:large","max-video-preview":"max-video-preview:-1"},"canonical":"https:\/\/www.cleo.on.ca\/fr\/a-propos\/notre-conseil-dadministration","og_locale":"fr_FR","og_type":"article","og_title":"Notre conseil d\u2019administration - CLEO (Community Legal Education Ontario \/ \u00c9ducation juridique communautaire Ontario)","og_description":"Rami Shoucri, Pr\u00e9sident Rami est m\u00e9decin de famille au sein de l&rsquo;\u00c9quipe de sant\u00e9 familiale universitaire de l&rsquo;H\u00f4pital St. Michael, o\u00f9 il a auparavant \u00e9t\u00e9 champion clinique du Partenariat sant\u00e9 et justice, pr\u00e9sident du Comit\u00e9 de plaidoyer et responsable du site des m\u00e9decins du Centre de sant\u00e9 Sumac Creek. Il est m\u00e9decin membre de la Commission du consentement et de la capacit\u00e9 de l&rsquo;Ontario depuis 2019.","og_url":"https:\/\/www.cleo.on.ca\/fr\/a-propos\/notre-conseil-dadministration","og_site_name":"CLEO (Community Legal Education Ontario \/ \u00c9ducation juridique communautaire Ontario)","article_modified_time":"2026-02-06T19:35:38+00:00","twitter_card":"summary_large_image","twitter_misc":{"Dur\u00e9e de lecture estim\u00e9e":"7 minutes"},"schema":{"@context":"https:\/\/schema.org","@graph":[{"@type":"WebPage","@id":"https:\/\/www.cleo.on.ca\/fr\/a-propos\/notre-conseil-dadministration","url":"https:\/\/www.cleo.on.ca\/fr\/a-propos\/notre-conseil-dadministration","name":"Notre conseil d\u2019administration - CLEO (Community Legal Education Ontario \/ \u00c9ducation juridique communautaire Ontario)","isPartOf":{"@id":"https:\/\/www.cleo.on.ca\/fr#website"},"datePublished":"2022-03-11T11:18:55+00:00","dateModified":"2026-02-06T19:35:38+00:00","breadcrumb":{"@id":"https:\/\/www.cleo.on.ca\/fr\/a-propos\/notre-conseil-dadministration#breadcrumb"},"inLanguage":"fr-FR","potentialAction":[{"@type":"ReadAction","target":["https:\/\/www.cleo.on.ca\/fr\/a-propos\/notre-conseil-dadministration"]}]},{"@type":"BreadcrumbList","@id":"https:\/\/www.cleo.on.ca\/fr\/a-propos\/notre-conseil-dadministration#breadcrumb","itemListElement":[{"@type":"ListItem","position":1,"name":"Home","item":"https:\/\/www.cleo.on.ca\/fr\/accueil-2"},{"@type":"ListItem","position":2,"name":"\u00c0 propos","item":"https:\/\/www.cleo.on.ca\/fr\/a-propos"},{"@type":"ListItem","position":3,"name":"Notre conseil d\u2019administration"}]},{"@type":"WebSite","@id":"https:\/\/www.cleo.on.ca\/fr#website","url":"https:\/\/www.cleo.on.ca\/fr","name":"CLEO (Community Legal Education Ontario \/ \u00c9ducation juridique communautaire Ontario)","description":"","potentialAction":[{"@type":"SearchAction","target":{"@type":"EntryPoint","urlTemplate":"https:\/\/www.cleo.on.ca\/fr?s={search_term_string}"},"query-input":{"@type":"PropertyValueSpecification","valueRequired":true,"valueName":"search_term_string"}}],"inLanguage":"fr-FR"}]}},"meta_box":{"page_show_banner":"0","page_banner_type":"banner","page_banner_title":"","page_banner_title_color":"","page_banner_description":"","page_banner_image":[],"contact_shortcode":"","contact_address":"","contact_address_details":"","contact_map":{"latitude":"","longitude":"","zoom":""},"remove_map":"","contact_company_name":"","contact_company_phones":[],"contact_company_email":"","contact_textarea":"","contact_other_text_block":"","contact_other_locations_show":"","contact_other_locations_title":"","contact_other_locations_type":"","contact_other_locations":[],"contact_gmaps_zoom_control":"","contact_gmaps_map_type_control":"","contact_gmaps_scaleControl":"","contact_gmaps_streetViewControl":"","contact_gmaps_rotateControl":"","contact_gmaps_fullscreenControl":"","location_gmaps_zoom_control":"","location_gmaps_map_type_control":"","location_gmaps_scaleControl":"","location_gmaps_streetViewControl":"","location_gmaps_rotateControl":"","location_gmaps_fullscreenControl":"","menu_page_links_type":"","menu_page_links":[],"menu_page_links_bottom_content":"","external_links_type":"","external_links":[],"external_sublinks":[],"private_staff_information_blocks":[],"private_staff_links_title":"","private_staff_links":[],"legal_topic_menu":[],"sb_display_type":"","sb_people_block":[],"guided_pathways_top_image":false,"guided_pathways_top_description":"","guided_pathways_topic_menu":"","guided_pathways_whats_new_title":"","guided_pathways_news_category":[],"guided_pathways_button_title":"","guided_pathways_button_url":"","guided_pathways_coming_soon_title":"","guided_pathways_coming_soon_category":[],"guided_pathways_coming_soon_button_title":"","guided_pathways_coming_soon_button_url":"","guided_pathways_job_openings_title":"","guided_pathways_job_openings_category":[],"guided_pathways_job_openings_button_title":"","guided_pathways_job_openings_button_url":"","guided_pathways_featured_studies_title":"","guided_pathways_featured_studies_menu":"","guided_pathways_featured_studies_button_title":"","guided_pathways_featured_studies_button_url":"","banner_title":"","banner_description":"","banner_button_title":"","banner_button_url":"","social_menu":"","resource_section_title":"","resources":[],"announcements_title":"","announcements":[],"homepage_news_title":"","homepage_news_category":[],"homepage_news_button_title":"","homepage_news_button_url":"","hide_title":"0","page_to_resources_to":[]},"_links":{"self":[{"href":"https:\/\/www.cleo.on.ca\/fr\/wp-json\/wp\/v2\/pages\/38195","targetHints":{"allow":["GET"]}}],"collection":[{"href":"https:\/\/www.cleo.on.ca\/fr\/wp-json\/wp\/v2\/pages"}],"about":[{"href":"https:\/\/www.cleo.on.ca\/fr\/wp-json\/wp\/v2\/types\/page"}],"author":[{"embeddable":true,"href":"https:\/\/www.cleo.on.ca\/fr\/wp-json\/wp\/v2\/users\/2"}],"replies":[{"embeddable":true,"href":"https:\/\/www.cleo.on.ca\/fr\/wp-json\/wp\/v2\/comments?post=38195"}],"version-history":[{"count":12,"href":"https:\/\/www.cleo.on.ca\/fr\/wp-json\/wp\/v2\/pages\/38195\/revisions"}],"predecessor-version":[{"id":63921,"href":"https:\/\/www.cleo.on.ca\/fr\/wp-json\/wp\/v2\/pages\/38195\/revisions\/63921"}],"up":[{"embeddable":true,"href":"https:\/\/www.cleo.on.ca\/fr\/wp-json\/wp\/v2\/pages\/38181"}],"wp:attachment":[{"href":"https:\/\/www.cleo.on.ca\/fr\/wp-json\/wp\/v2\/media?parent=38195"}],"curies":[{"name":"wp","href":"https:\/\/api.w.org\/{rel}","templated":true}]}}