{"id":38243,"date":"2022-03-11T07:17:23","date_gmt":"2022-03-11T12:17:23","guid":{"rendered":"https:\/\/orders.cleo.on.ca\/?page_id=38243"},"modified":"2025-05-30T16:57:58","modified_gmt":"2025-05-30T20:57:58","slug":"vos-commentaires","status":"publish","type":"page","link":"https:\/\/www.cleo.on.ca\/fr\/vos-commentaires","title":{"rendered":"Vos commentaires"},"content":{"rendered":"<p>Faites-nous part de vos observations concernant notre site web ou nos publications ou ressources.<\/p>\n<p>N\u2019oubliez pas que CLEO ne fournit pas de conseils juridiques. Si vous avez un probl\u00e8me juridique, veuillez vous adresser \u00e0 un avocat ou \u00e0 une clinique juridique communautaire. Si vous vivez en Ontario, vous pouvez trouver la clinique la plus proche en consultant la carte des points de service au site \u00ab Your Legal Rights \u00bb.<\/p>\n<p>Vous pouvez nous communiquer vos observations au moyen du formulaire ci-dessous. Tous les champs de ce formulaire doivent \u00eatre remplis.<\/p>\n<p>Pour les demandes de renseignements des m\u00e9dias, veuillez envoyer un courriel \u00e0 : <a href=\"mailto:communications@cleo.on.ca\" target=\"_blank\" rel=\"noopener\">communications@cleo.on.ca<\/a>.<\/p>\n<p>Nature de la communication<\/p><div class=\"wp-block-columns is-layout-flex wp-container-core-columns-is-layout-1 wp-block-columns-is-layout-flex\"><div class=\"wp-block-column is-layout-flow wp-block-column-is-layout-flow\"><div class=\"wpforms-container wpforms-container-full\" id=\"wpforms-38238\"><form id=\"wpforms-form-38238\" class=\"wpforms-validate wpforms-form\" data-formid=\"38238\" method=\"post\" enctype=\"multipart\/form-data\" action=\"\/fr\/wp-json\/wp\/v2\/pages\/38243\" data-token=\"b154670802609a4659f7cedfc98c5035\" data-token-time=\"1777297773\"><noscript class=\"wpforms-error-noscript\">Veuillez activer JavaScript dans votre navigateur pour remplir ce formulaire.<\/noscript><div class=\"wpforms-field-container\"><div id=\"wpforms-38238-field_1-container\" class=\"wpforms-field wpforms-field-text\" data-field-id=\"1\"><label class=\"wpforms-field-label\" for=\"wpforms-38238-field_1\">Nom<\/label><input type=\"text\" id=\"wpforms-38238-field_1\" class=\"wpforms-field-medium\" name=\"wpforms[fields][1]\" ><\/div><div id=\"wpforms-38238-field_2-container\" class=\"wpforms-field wpforms-field-text\" data-field-id=\"2\"><label class=\"wpforms-field-label\" for=\"wpforms-38238-field_2\">Organisme<\/label><input type=\"text\" id=\"wpforms-38238-field_2\" class=\"wpforms-field-medium\" name=\"wpforms[fields][2]\" ><\/div><div id=\"wpforms-38238-field_3-container\" class=\"wpforms-field wpforms-field-email\" data-field-id=\"3\"><label class=\"wpforms-field-label\" for=\"wpforms-38238-field_3\">Courriel <span class=\"wpforms-required-label\">*<\/span><\/label><input type=\"email\" id=\"wpforms-38238-field_3\" class=\"wpforms-field-medium wpforms-field-required\" name=\"wpforms[fields][3]\" spellcheck=\"false\" required><\/div><div id=\"wpforms-38238-field_4-container\" class=\"wpforms-field wpforms-field-text\" data-field-id=\"4\"><label class=\"wpforms-field-label\" for=\"wpforms-38238-field_4\">T\u00e9l\u00e9phone<\/label><input type=\"text\" id=\"wpforms-38238-field_4\" class=\"wpforms-field-medium\" name=\"wpforms[fields][4]\" ><\/div><div id=\"wpforms-38238-field_6-container\" class=\"wpforms-field wpforms-field-textarea\" data-field-id=\"6\"><label class=\"wpforms-field-label\" for=\"wpforms-38238-field_6\"> Veuillez inscrire votre message dans l\u2019espace ci-dessous <span class=\"wpforms-required-label\">*<\/span><\/label><textarea id=\"wpforms-38238-field_6\" class=\"wpforms-field-medium wpforms-field-required\" name=\"wpforms[fields][6]\" required><\/textarea><\/div><\/div><!-- .wpforms-field-container --><div class=\"wpforms-submit-container\" ><input type=\"hidden\" name=\"wpforms[id]\" value=\"38238\"><input type=\"hidden\" name=\"page_title\" value=\"\"><input type=\"hidden\" name=\"page_url\" value=\"https:\/\/www.cleo.on.ca\/fr\/wp-json\/wp\/v2\/pages\/38243\"><input type=\"hidden\" name=\"url_referer\" value=\"\"><button type=\"submit\" name=\"wpforms[submit]\" id=\"wpforms-submit-38238\" class=\"wpforms-submit\" data-alt-text=\"Transmission...\" data-submit-text=\"Envoyer votre message\" aria-live=\"assertive\" value=\"wpforms-submit\">Envoyer votre message<\/button><\/div><\/form><\/div>  <!-- .wpforms-container --><\/div>\n\n<div class=\"wp-block-column is-layout-flow wp-block-column-is-layout-flow\"><h3>CLEO<\/h3>\n<p>180, rue Dundas Ouest, bureau 506<br \/>Toronto, Ontario M5G 1Z8<\/p>\n<p>T\u00e9l\u00e9phone: 416 408-4420<br \/>Courriel: info@cleo.on.ca<\/p>\n<p><a class=\"btn btn--secondary\" href=\"http:\/\/maps.google.com\/maps?q=180+Dundas+Street+West,+Suite+506+Toronto,+Ontario+M5G+1Z8&amp;hl=en&amp;sll=37.0625,-95.677068&amp;sspn=65.17542,135.263672&amp;hnear=180+Dundas+Street+West,+Toronto,+Ontario+M5G+1Z8,+Canada&amp;t=m&amp;z=17\" target=\"_blank\" rel=\"noopener\">Voir la carte<\/a><\/p><\/div><\/div>","protected":false},"excerpt":{"rendered":"<p>Faites-nous part de vos observations concernant notre site web ou nos publications ou ressources.<br \/>\nN\u2019oubliez pas que CLEO ne fournit pas de conseils juridiques. Si vous avez un probl\u00e8me juridique, veuillez vous adresser \u00e0 un avocat ou \u00e0 une clinique juridique communautaire. Si vous vivez en Ontario, vous pouvez trouver la clinique la plus proche en consultant la carte des points de service au site \u00ab Your Legal Rights \u00bb.<\/p>\n","protected":false},"author":2,"featured_media":0,"parent":0,"menu_order":-4,"comment_status":"closed","ping_status":"closed","template":"","meta":{"ub_ctt_via":"","inline_featured_image":false,"footnotes":""},"class_list":["post-38243","page","type-page","status-publish","hentry"],"featured_image_src":null,"yoast_head":"<!-- This site is optimized with the Yoast SEO plugin v25.2 - https:\/\/yoast.com\/wordpress\/plugins\/seo\/ -->\n<title>Vos commentaires - CLEO (Community Legal Education Ontario \/ \u00c9ducation juridique communautaire Ontario)<\/title>\n<meta name=\"robots\" content=\"index, follow, max-snippet:-1, max-image-preview:large, max-video-preview:-1\" \/>\n<link rel=\"canonical\" href=\"https:\/\/www.cleo.on.ca\/fr\/vos-commentaires\" \/>\n<meta property=\"og:locale\" content=\"fr_FR\" \/>\n<meta property=\"og:type\" content=\"article\" \/>\n<meta property=\"og:title\" content=\"Vos commentaires - CLEO (Community Legal Education Ontario \/ \u00c9ducation juridique communautaire Ontario)\" \/>\n<meta property=\"og:description\" content=\"Faites-nous part de vos observations concernant notre site web ou nos publications ou ressources. N\u2019oubliez pas que CLEO ne fournit pas de conseils juridiques. Si vous avez un probl\u00e8me juridique, veuillez vous adresser \u00e0 un avocat ou \u00e0 une clinique juridique communautaire. Si vous vivez en Ontario, vous pouvez trouver la clinique la plus proche en consultant la carte des points de service au site \u00ab Your Legal Rights \u00bb.\" \/>\n<meta property=\"og:url\" content=\"https:\/\/www.cleo.on.ca\/fr\/vos-commentaires\" \/>\n<meta property=\"og:site_name\" content=\"CLEO (Community Legal Education Ontario \/ \u00c9ducation juridique communautaire Ontario)\" \/>\n<meta property=\"article:modified_time\" content=\"2025-05-30T20:57:58+00:00\" \/>\n<meta name=\"twitter:card\" content=\"summary_large_image\" \/>\n<meta name=\"twitter:label1\" content=\"Dur\u00e9e de lecture estim\u00e9e\" \/>\n\t<meta name=\"twitter:data1\" content=\"1 minute\" \/>\n<script type=\"application\/ld+json\" class=\"yoast-schema-graph\">{\"@context\":\"https:\/\/schema.org\",\"@graph\":[{\"@type\":\"WebPage\",\"@id\":\"https:\/\/www.cleo.on.ca\/fr\/vos-commentaires\",\"url\":\"https:\/\/www.cleo.on.ca\/fr\/vos-commentaires\",\"name\":\"Vos commentaires - CLEO (Community Legal Education Ontario \/ \u00c9ducation juridique communautaire Ontario)\",\"isPartOf\":{\"@id\":\"https:\/\/www.cleo.on.ca\/fr#website\"},\"datePublished\":\"2022-03-11T12:17:23+00:00\",\"dateModified\":\"2025-05-30T20:57:58+00:00\",\"breadcrumb\":{\"@id\":\"https:\/\/www.cleo.on.ca\/fr\/vos-commentaires#breadcrumb\"},\"inLanguage\":\"fr-FR\",\"potentialAction\":[{\"@type\":\"ReadAction\",\"target\":[\"https:\/\/www.cleo.on.ca\/fr\/vos-commentaires\"]}]},{\"@type\":\"BreadcrumbList\",\"@id\":\"https:\/\/www.cleo.on.ca\/fr\/vos-commentaires#breadcrumb\",\"itemListElement\":[{\"@type\":\"ListItem\",\"position\":1,\"name\":\"Home\",\"item\":\"https:\/\/www.cleo.on.ca\/fr\/accueil-2\"},{\"@type\":\"ListItem\",\"position\":2,\"name\":\"Vos commentaires\"}]},{\"@type\":\"WebSite\",\"@id\":\"https:\/\/www.cleo.on.ca\/fr#website\",\"url\":\"https:\/\/www.cleo.on.ca\/fr\",\"name\":\"CLEO (Community Legal Education Ontario \/ \u00c9ducation juridique communautaire Ontario)\",\"description\":\"\",\"potentialAction\":[{\"@type\":\"SearchAction\",\"target\":{\"@type\":\"EntryPoint\",\"urlTemplate\":\"https:\/\/www.cleo.on.ca\/fr?s={search_term_string}\"},\"query-input\":{\"@type\":\"PropertyValueSpecification\",\"valueRequired\":true,\"valueName\":\"search_term_string\"}}],\"inLanguage\":\"fr-FR\"}]}<\/script>\n<!-- \/ Yoast SEO plugin. -->","yoast_head_json":{"title":"Vos commentaires - CLEO (Community Legal Education Ontario \/ \u00c9ducation juridique communautaire Ontario)","robots":{"index":"index","follow":"follow","max-snippet":"max-snippet:-1","max-image-preview":"max-image-preview:large","max-video-preview":"max-video-preview:-1"},"canonical":"https:\/\/www.cleo.on.ca\/fr\/vos-commentaires","og_locale":"fr_FR","og_type":"article","og_title":"Vos commentaires - CLEO (Community Legal Education Ontario \/ \u00c9ducation juridique communautaire Ontario)","og_description":"Faites-nous part de vos observations concernant notre site web ou nos publications ou ressources. N\u2019oubliez pas que CLEO ne fournit pas de conseils juridiques. Si vous avez un probl\u00e8me juridique, veuillez vous adresser \u00e0 un avocat ou \u00e0 une clinique juridique communautaire. Si vous vivez en Ontario, vous pouvez trouver la clinique la plus proche en consultant la carte des points de service au site \u00ab Your Legal Rights \u00bb.","og_url":"https:\/\/www.cleo.on.ca\/fr\/vos-commentaires","og_site_name":"CLEO (Community Legal Education Ontario \/ \u00c9ducation juridique communautaire Ontario)","article_modified_time":"2025-05-30T20:57:58+00:00","twitter_card":"summary_large_image","twitter_misc":{"Dur\u00e9e de lecture estim\u00e9e":"1 minute"},"schema":{"@context":"https:\/\/schema.org","@graph":[{"@type":"WebPage","@id":"https:\/\/www.cleo.on.ca\/fr\/vos-commentaires","url":"https:\/\/www.cleo.on.ca\/fr\/vos-commentaires","name":"Vos commentaires - CLEO (Community Legal Education Ontario \/ \u00c9ducation juridique communautaire Ontario)","isPartOf":{"@id":"https:\/\/www.cleo.on.ca\/fr#website"},"datePublished":"2022-03-11T12:17:23+00:00","dateModified":"2025-05-30T20:57:58+00:00","breadcrumb":{"@id":"https:\/\/www.cleo.on.ca\/fr\/vos-commentaires#breadcrumb"},"inLanguage":"fr-FR","potentialAction":[{"@type":"ReadAction","target":["https:\/\/www.cleo.on.ca\/fr\/vos-commentaires"]}]},{"@type":"BreadcrumbList","@id":"https:\/\/www.cleo.on.ca\/fr\/vos-commentaires#breadcrumb","itemListElement":[{"@type":"ListItem","position":1,"name":"Home","item":"https:\/\/www.cleo.on.ca\/fr\/accueil-2"},{"@type":"ListItem","position":2,"name":"Vos commentaires"}]},{"@type":"WebSite","@id":"https:\/\/www.cleo.on.ca\/fr#website","url":"https:\/\/www.cleo.on.ca\/fr","name":"CLEO (Community Legal Education Ontario \/ \u00c9ducation juridique communautaire Ontario)","description":"","potentialAction":[{"@type":"SearchAction","target":{"@type":"EntryPoint","urlTemplate":"https:\/\/www.cleo.on.ca\/fr?s={search_term_string}"},"query-input":{"@type":"PropertyValueSpecification","valueRequired":true,"valueName":"search_term_string"}}],"inLanguage":"fr-FR"}]}},"meta_box":{"page_show_banner":"0","page_banner_type":"banner","page_banner_title":"","page_banner_title_color":"","page_banner_description":"","page_banner_image":[],"contact_shortcode":"","contact_address":"","contact_address_details":"","contact_map":{"latitude":"","longitude":"","zoom":""},"remove_map":"","contact_company_name":"","contact_company_phones":[],"contact_company_email":"","contact_textarea":"","contact_other_text_block":"","contact_other_locations_show":"","contact_other_locations_title":"","contact_other_locations_type":"","contact_other_locations":[],"contact_gmaps_zoom_control":"","contact_gmaps_map_type_control":"","contact_gmaps_scaleControl":"","contact_gmaps_streetViewControl":"","contact_gmaps_rotateControl":"","contact_gmaps_fullscreenControl":"","location_gmaps_zoom_control":"","location_gmaps_map_type_control":"","location_gmaps_scaleControl":"","location_gmaps_streetViewControl":"","location_gmaps_rotateControl":"","location_gmaps_fullscreenControl":"","menu_page_links_type":"","menu_page_links":[],"menu_page_links_bottom_content":"","external_links_type":"","external_links":[],"external_sublinks":[],"private_staff_information_blocks":[],"private_staff_links_title":"","private_staff_links":[],"legal_topic_menu":[],"sb_display_type":"","sb_people_block":[],"guided_pathways_top_image":false,"guided_pathways_top_description":"","guided_pathways_topic_menu":"","guided_pathways_whats_new_title":"","guided_pathways_news_category":[],"guided_pathways_button_title":"","guided_pathways_button_url":"","guided_pathways_coming_soon_title":"","guided_pathways_coming_soon_category":[],"guided_pathways_coming_soon_button_title":"","guided_pathways_coming_soon_button_url":"","guided_pathways_job_openings_title":"","guided_pathways_job_openings_category":[],"guided_pathways_job_openings_button_title":"","guided_pathways_job_openings_button_url":"","guided_pathways_featured_studies_title":"","guided_pathways_featured_studies_menu":"","guided_pathways_featured_studies_button_title":"","guided_pathways_featured_studies_button_url":"","banner_title":"","banner_description":"","banner_button_title":"","banner_button_url":"","social_menu":"","resource_section_title":"","resources":[],"announcements_title":"","announcements":[],"homepage_news_title":"","homepage_news_category":[],"homepage_news_button_title":"","homepage_news_button_url":"","hide_title":"0","page_to_resources_to":[]},"_links":{"self":[{"href":"https:\/\/www.cleo.on.ca\/fr\/wp-json\/wp\/v2\/pages\/38243","targetHints":{"allow":["GET"]}}],"collection":[{"href":"https:\/\/www.cleo.on.ca\/fr\/wp-json\/wp\/v2\/pages"}],"about":[{"href":"https:\/\/www.cleo.on.ca\/fr\/wp-json\/wp\/v2\/types\/page"}],"author":[{"embeddable":true,"href":"https:\/\/www.cleo.on.ca\/fr\/wp-json\/wp\/v2\/users\/2"}],"replies":[{"embeddable":true,"href":"https:\/\/www.cleo.on.ca\/fr\/wp-json\/wp\/v2\/comments?post=38243"}],"version-history":[{"count":6,"href":"https:\/\/www.cleo.on.ca\/fr\/wp-json\/wp\/v2\/pages\/38243\/revisions"}],"predecessor-version":[{"id":61961,"href":"https:\/\/www.cleo.on.ca\/fr\/wp-json\/wp\/v2\/pages\/38243\/revisions\/61961"}],"wp:attachment":[{"href":"https:\/\/www.cleo.on.ca\/fr\/wp-json\/wp\/v2\/media?parent=38243"}],"curies":[{"name":"wp","href":"https:\/\/api.w.org\/{rel}","templated":true}]}}