{"id":38257,"date":"2022-03-20T12:50:43","date_gmt":"2022-03-20T16:50:43","guid":{"rendered":"https:\/\/orders.cleo.on.ca\/?page_id=38257"},"modified":"2024-10-08T12:44:13","modified_gmt":"2024-10-08T16:44:13","slug":"faites-un-don","status":"publish","type":"page","link":"https:\/\/www.cleo.on.ca\/fr\/faites-un-don","title":{"rendered":"Merci de soutenir la mission de CLEO"},"content":{"rendered":"<p>CLEO m\u00e8ne actuellement de nombreuses initiatives \u00e0 la fois \u2014 vous pouvez prendre connaissance de celles-ci au <a href=\"http:\/\/www.cleo.on.ca\/fr\">site web de CLEO<\/a>.\u00a0Si vous d\u00e9sirez que votre don soit affect\u00e9 \u00e0 une initiative particuli\u00e8re ou \u00e0 un domaine pr\u00e9cis de notre champ d\u2019activit\u00e9s, veuillez communiquer avec Jess Reekie, la directrice ex\u00e9cutive de CLEO, \u00e0 l\u2019adresse <a href=\"mailto:jess.reekie@cleo.on.ca\">jess.reekie@cleo.on.ca<\/a>.<\/p>\n<p>CLEO (Community Legal Education\u00a0 Ontario\u200a\/\u200a\u00c9ducation juridique communautaire Ontario) est un organisme de bienfaisance enregistr\u00e9. Tout don est d\u00e9ductible d\u2019imp\u00f4t.<\/p>\n<p>Vous pouvez faire votre don par ch\u00e8que, ou vous pouvez le poster \u00e0 :<\/p>\n<p><strong>CLEO<br \/>180, rue Dundas Ouest, bureau 506<br \/>Toronto (Ontario) M5G 1Z8<\/strong><\/p>\n<p>Pour effectuer un don en ligne\u00a0:<\/p>\n<p><a href=\"https:\/\/www.canadahelps.org\/fr\/organismesdebienfaisance\/community-legal-education-ontario\/\" target=\"_blank\" rel=\"noopener\"><img decoding=\"async\" style=\"width: 300px; height: auto;\" src=\"\/wp-content\/uploads\/2022\/03\/canadahelps-fr.png\" alt=\"\" \/><\/a><\/p>","protected":false},"excerpt":{"rendered":"<p>CLEO m\u00e8ne actuellement de nombreuses initiatives \u00e0 la fois \u2014 vous pouvez prendre connaissance de celles-ci au <a href=\"http:\/\/www.cleo.on.ca\/fr\">site web de CLEO<\/a>.\u00a0Si vous d\u00e9sirez que votre don soit affect\u00e9 \u00e0 une initiative particuli\u00e8re ou \u00e0 un domaine pr\u00e9cis de notre champ d\u2019activit\u00e9s, veuillez communiquer avec Jess Reekie, la directrice ex\u00e9cutive de CLEO,<\/p>\n","protected":false},"author":2,"featured_media":0,"parent":0,"menu_order":-5,"comment_status":"closed","ping_status":"closed","template":"","meta":{"ub_ctt_via":"","inline_featured_image":false,"footnotes":""},"class_list":["post-38257","page","type-page","status-publish","hentry"],"featured_image_src":null,"yoast_head":"<!-- This site is optimized with the Yoast SEO plugin v25.2 - https:\/\/yoast.com\/wordpress\/plugins\/seo\/ -->\n<title>Merci de soutenir la mission de CLEO - CLEO (Community Legal Education Ontario \/ \u00c9ducation juridique communautaire Ontario)<\/title>\n<meta name=\"robots\" content=\"index, follow, max-snippet:-1, max-image-preview:large, max-video-preview:-1\" \/>\n<link rel=\"canonical\" href=\"https:\/\/www.cleo.on.ca\/fr\/faites-un-don\" \/>\n<meta property=\"og:locale\" content=\"fr_FR\" \/>\n<meta property=\"og:type\" content=\"article\" \/>\n<meta property=\"og:title\" content=\"Merci de soutenir la mission de CLEO - CLEO (Community Legal Education Ontario \/ \u00c9ducation juridique communautaire Ontario)\" \/>\n<meta property=\"og:description\" content=\"CLEO m\u00e8ne actuellement de nombreuses initiatives \u00e0 la fois \u2014 vous pouvez prendre connaissance de celles-ci au site web de CLEO.\u00a0Si vous d\u00e9sirez que votre don soit affect\u00e9 \u00e0 une initiative particuli\u00e8re ou \u00e0 un domaine pr\u00e9cis de notre champ d\u2019activit\u00e9s, veuillez communiquer avec Jess Reekie, la directrice ex\u00e9cutive de CLEO,\" \/>\n<meta property=\"og:url\" content=\"https:\/\/www.cleo.on.ca\/fr\/faites-un-don\" \/>\n<meta property=\"og:site_name\" content=\"CLEO (Community Legal Education Ontario \/ \u00c9ducation juridique communautaire Ontario)\" \/>\n<meta property=\"article:modified_time\" content=\"2024-10-08T16:44:13+00:00\" \/>\n<meta name=\"twitter:card\" content=\"summary_large_image\" \/>\n<meta name=\"twitter:label1\" content=\"Dur\u00e9e de lecture estim\u00e9e\" \/>\n\t<meta name=\"twitter:data1\" content=\"1 minute\" \/>\n<script type=\"application\/ld+json\" class=\"yoast-schema-graph\">{\"@context\":\"https:\/\/schema.org\",\"@graph\":[{\"@type\":\"WebPage\",\"@id\":\"https:\/\/www.cleo.on.ca\/fr\/faites-un-don\",\"url\":\"https:\/\/www.cleo.on.ca\/fr\/faites-un-don\",\"name\":\"Merci de soutenir la mission de CLEO - CLEO (Community Legal Education Ontario \/ \u00c9ducation juridique communautaire Ontario)\",\"isPartOf\":{\"@id\":\"https:\/\/www.cleo.on.ca\/fr#website\"},\"datePublished\":\"2022-03-20T16:50:43+00:00\",\"dateModified\":\"2024-10-08T16:44:13+00:00\",\"breadcrumb\":{\"@id\":\"https:\/\/www.cleo.on.ca\/fr\/faites-un-don#breadcrumb\"},\"inLanguage\":\"fr-FR\",\"potentialAction\":[{\"@type\":\"ReadAction\",\"target\":[\"https:\/\/www.cleo.on.ca\/fr\/faites-un-don\"]}]},{\"@type\":\"BreadcrumbList\",\"@id\":\"https:\/\/www.cleo.on.ca\/fr\/faites-un-don#breadcrumb\",\"itemListElement\":[{\"@type\":\"ListItem\",\"position\":1,\"name\":\"Home\",\"item\":\"https:\/\/www.cleo.on.ca\/fr\/accueil-2\"},{\"@type\":\"ListItem\",\"position\":2,\"name\":\"Merci de soutenir la mission de CLEO\"}]},{\"@type\":\"WebSite\",\"@id\":\"https:\/\/www.cleo.on.ca\/fr#website\",\"url\":\"https:\/\/www.cleo.on.ca\/fr\",\"name\":\"CLEO (Community Legal Education Ontario \/ \u00c9ducation juridique communautaire Ontario)\",\"description\":\"\",\"potentialAction\":[{\"@type\":\"SearchAction\",\"target\":{\"@type\":\"EntryPoint\",\"urlTemplate\":\"https:\/\/www.cleo.on.ca\/fr?s={search_term_string}\"},\"query-input\":{\"@type\":\"PropertyValueSpecification\",\"valueRequired\":true,\"valueName\":\"search_term_string\"}}],\"inLanguage\":\"fr-FR\"}]}<\/script>\n<!-- \/ Yoast SEO plugin. -->","yoast_head_json":{"title":"Merci de soutenir la mission de CLEO - CLEO (Community Legal Education Ontario \/ \u00c9ducation juridique communautaire Ontario)","robots":{"index":"index","follow":"follow","max-snippet":"max-snippet:-1","max-image-preview":"max-image-preview:large","max-video-preview":"max-video-preview:-1"},"canonical":"https:\/\/www.cleo.on.ca\/fr\/faites-un-don","og_locale":"fr_FR","og_type":"article","og_title":"Merci de soutenir la mission de CLEO - CLEO (Community Legal Education Ontario \/ \u00c9ducation juridique communautaire Ontario)","og_description":"CLEO m\u00e8ne actuellement de nombreuses initiatives \u00e0 la fois \u2014 vous pouvez prendre connaissance de celles-ci au site web de CLEO.\u00a0Si vous d\u00e9sirez que votre don soit affect\u00e9 \u00e0 une initiative particuli\u00e8re ou \u00e0 un domaine pr\u00e9cis de notre champ d\u2019activit\u00e9s, veuillez communiquer avec Jess Reekie, la directrice ex\u00e9cutive de CLEO,","og_url":"https:\/\/www.cleo.on.ca\/fr\/faites-un-don","og_site_name":"CLEO (Community Legal Education Ontario \/ \u00c9ducation juridique communautaire Ontario)","article_modified_time":"2024-10-08T16:44:13+00:00","twitter_card":"summary_large_image","twitter_misc":{"Dur\u00e9e de lecture estim\u00e9e":"1 minute"},"schema":{"@context":"https:\/\/schema.org","@graph":[{"@type":"WebPage","@id":"https:\/\/www.cleo.on.ca\/fr\/faites-un-don","url":"https:\/\/www.cleo.on.ca\/fr\/faites-un-don","name":"Merci de soutenir la mission de CLEO - CLEO (Community Legal Education Ontario \/ \u00c9ducation juridique communautaire Ontario)","isPartOf":{"@id":"https:\/\/www.cleo.on.ca\/fr#website"},"datePublished":"2022-03-20T16:50:43+00:00","dateModified":"2024-10-08T16:44:13+00:00","breadcrumb":{"@id":"https:\/\/www.cleo.on.ca\/fr\/faites-un-don#breadcrumb"},"inLanguage":"fr-FR","potentialAction":[{"@type":"ReadAction","target":["https:\/\/www.cleo.on.ca\/fr\/faites-un-don"]}]},{"@type":"BreadcrumbList","@id":"https:\/\/www.cleo.on.ca\/fr\/faites-un-don#breadcrumb","itemListElement":[{"@type":"ListItem","position":1,"name":"Home","item":"https:\/\/www.cleo.on.ca\/fr\/accueil-2"},{"@type":"ListItem","position":2,"name":"Merci de soutenir la mission de CLEO"}]},{"@type":"WebSite","@id":"https:\/\/www.cleo.on.ca\/fr#website","url":"https:\/\/www.cleo.on.ca\/fr","name":"CLEO (Community Legal Education Ontario \/ \u00c9ducation juridique communautaire Ontario)","description":"","potentialAction":[{"@type":"SearchAction","target":{"@type":"EntryPoint","urlTemplate":"https:\/\/www.cleo.on.ca\/fr?s={search_term_string}"},"query-input":{"@type":"PropertyValueSpecification","valueRequired":true,"valueName":"search_term_string"}}],"inLanguage":"fr-FR"}]}},"meta_box":{"page_show_banner":"0","page_banner_type":"banner","page_banner_title":"","page_banner_title_color":"","page_banner_description":"","page_banner_image":[],"contact_shortcode":"","contact_address":"","contact_address_details":"","contact_map":{"latitude":"","longitude":"","zoom":""},"remove_map":"","contact_company_name":"","contact_company_phones":[],"contact_company_email":"","contact_textarea":"","contact_other_text_block":"","contact_other_locations_show":"","contact_other_locations_title":"","contact_other_locations_type":"","contact_other_locations":[],"contact_gmaps_zoom_control":"","contact_gmaps_map_type_control":"","contact_gmaps_scaleControl":"","contact_gmaps_streetViewControl":"","contact_gmaps_rotateControl":"","contact_gmaps_fullscreenControl":"","location_gmaps_zoom_control":"","location_gmaps_map_type_control":"","location_gmaps_scaleControl":"","location_gmaps_streetViewControl":"","location_gmaps_rotateControl":"","location_gmaps_fullscreenControl":"","menu_page_links_type":"","menu_page_links":[],"menu_page_links_bottom_content":"","external_links_type":"","external_links":[],"external_sublinks":[],"private_staff_information_blocks":[],"private_staff_links_title":"","private_staff_links":[],"legal_topic_menu":[],"sb_display_type":"","sb_people_block":[],"guided_pathways_top_image":false,"guided_pathways_top_description":"","guided_pathways_topic_menu":"","guided_pathways_whats_new_title":"","guided_pathways_news_category":[],"guided_pathways_button_title":"","guided_pathways_button_url":"","guided_pathways_coming_soon_title":"","guided_pathways_coming_soon_category":[],"guided_pathways_coming_soon_button_title":"","guided_pathways_coming_soon_button_url":"","guided_pathways_job_openings_title":"","guided_pathways_job_openings_category":[],"guided_pathways_job_openings_button_title":"","guided_pathways_job_openings_button_url":"","guided_pathways_featured_studies_title":"","guided_pathways_featured_studies_menu":"","guided_pathways_featured_studies_button_title":"","guided_pathways_featured_studies_button_url":"","banner_title":"","banner_description":"","banner_button_title":"","banner_button_url":"","social_menu":"","resource_section_title":"","resources":[],"announcements_title":"","announcements":[],"homepage_news_title":"","homepage_news_category":[],"homepage_news_button_title":"","homepage_news_button_url":"","hide_title":"0","page_to_resources_to":[]},"_links":{"self":[{"href":"https:\/\/www.cleo.on.ca\/fr\/wp-json\/wp\/v2\/pages\/38257","targetHints":{"allow":["GET"]}}],"collection":[{"href":"https:\/\/www.cleo.on.ca\/fr\/wp-json\/wp\/v2\/pages"}],"about":[{"href":"https:\/\/www.cleo.on.ca\/fr\/wp-json\/wp\/v2\/types\/page"}],"author":[{"embeddable":true,"href":"https:\/\/www.cleo.on.ca\/fr\/wp-json\/wp\/v2\/users\/2"}],"replies":[{"embeddable":true,"href":"https:\/\/www.cleo.on.ca\/fr\/wp-json\/wp\/v2\/comments?post=38257"}],"version-history":[{"count":4,"href":"https:\/\/www.cleo.on.ca\/fr\/wp-json\/wp\/v2\/pages\/38257\/revisions"}],"predecessor-version":[{"id":58758,"href":"https:\/\/www.cleo.on.ca\/fr\/wp-json\/wp\/v2\/pages\/38257\/revisions\/58758"}],"wp:attachment":[{"href":"https:\/\/www.cleo.on.ca\/fr\/wp-json\/wp\/v2\/media?parent=38257"}],"curies":[{"name":"wp","href":"https:\/\/api.w.org\/{rel}","templated":true}]}}