{"id":45228,"date":"2022-04-28T00:06:12","date_gmt":"2022-04-28T04:06:12","guid":{"rendered":"https:\/\/orders.cleo.on.ca\/order\/"},"modified":"2026-02-24T15:33:48","modified_gmt":"2026-02-24T20:33:48","slug":"commandez-des-publications","status":"publish","type":"page","link":"https:\/\/www.cleo.on.ca\/fr\/commandez-des-publications","title":{"rendered":"Commandez des publications"},"content":{"rendered":"<div class=\"note note--primary-color note--order-theme\">\n<h3>Toutes les ressources de CLEO sont fournies gratuitement.<\/h3>\n<p>Nous r\u00e9visons nos publications r\u00e9guli\u00e8rement pour qu\u2019elles rendent compte des changements apport\u00e9s \u00e0 la loi. Dans la version la plus r\u00e9cente de notre <a href=\"https:\/\/www.cleo.on.ca\/fr\/publications\/catalogue-des-ressources-juridiques\">catalogue des ressources juridiques<\/a> &#8211; CLEO. Notre <a href=\"\/fr\/publications\/discardfr\/\">Liste des publications p\u00e9rim\u00e9es<\/a> vous indiquent quelles publications sont d\u00e9pass\u00e9es et devraient \u00eatre retir\u00e9es de la circulation.<\/p>\n<\/div>\n<p><a class=\"button button--primary\" href=\"\/fr\/panier\">Voir le panier<\/a><\/p>","protected":false},"excerpt":{"rendered":"<p>Toutes les ressources de CLEO sont fournies gratuitement.<br \/>\nNous r\u00e9visons nos publications r\u00e9guli\u00e8rement pour qu\u2019elles rendent compte des changements apport\u00e9s \u00e0 la loi. Dans la version la plus r\u00e9cente de notre <a href=\"https:\/\/www.cleo.on.ca\/fr\/publications\/catalogue-des-ressources-juridiques\">catalogue des ressources juridiques<\/a> &#8211; CLEO. Notre <a href=\"\/fr\/publications\/discardfr\/\">Liste des publications p\u00e9rim\u00e9es<\/a> vous indiquent quelles publications sont d\u00e9pass\u00e9es et devraient \u00eatre retir\u00e9es de la circulation.<\/p>\n","protected":false},"author":2,"featured_media":0,"parent":0,"menu_order":-4,"comment_status":"closed","ping_status":"closed","template":"template-order-page.php","meta":{"ub_ctt_via":"","inline_featured_image":false,"footnotes":""},"class_list":["post-45228","page","type-page","status-publish","hentry"],"featured_image_src":null,"yoast_head":"<!-- This site is optimized with the Yoast SEO plugin v25.2 - https:\/\/yoast.com\/wordpress\/plugins\/seo\/ -->\n<title>Commandez des publications - CLEO (Community Legal Education Ontario \/ \u00c9ducation juridique communautaire Ontario)<\/title>\n<meta name=\"robots\" content=\"index, follow, max-snippet:-1, max-image-preview:large, max-video-preview:-1\" \/>\n<link rel=\"canonical\" href=\"https:\/\/www.cleo.on.ca\/fr\/commandez-des-publications\" \/>\n<meta property=\"og:locale\" content=\"fr_FR\" \/>\n<meta property=\"og:type\" content=\"article\" \/>\n<meta property=\"og:title\" content=\"Commandez des publications - CLEO (Community Legal Education Ontario \/ \u00c9ducation juridique communautaire Ontario)\" \/>\n<meta property=\"og:description\" content=\"Toutes les ressources de CLEO sont fournies gratuitement. Nous r\u00e9visons nos publications r\u00e9guli\u00e8rement pour qu\u2019elles rendent compte des changements apport\u00e9s \u00e0 la loi. Dans la version la plus r\u00e9cente de notre catalogue des ressources juridiques &#8211; CLEO. Notre Liste des publications p\u00e9rim\u00e9es vous indiquent quelles publications sont d\u00e9pass\u00e9es et devraient \u00eatre retir\u00e9es de la circulation.\" \/>\n<meta property=\"og:url\" content=\"https:\/\/www.cleo.on.ca\/fr\/commandez-des-publications\" \/>\n<meta property=\"og:site_name\" content=\"CLEO (Community Legal Education Ontario \/ \u00c9ducation juridique communautaire Ontario)\" \/>\n<meta property=\"article:modified_time\" content=\"2026-02-24T20:33:48+00:00\" \/>\n<meta name=\"twitter:card\" content=\"summary_large_image\" \/>\n<meta name=\"twitter:label1\" content=\"Dur\u00e9e de lecture estim\u00e9e\" \/>\n\t<meta name=\"twitter:data1\" content=\"1 minute\" \/>\n<script type=\"application\/ld+json\" class=\"yoast-schema-graph\">{\"@context\":\"https:\/\/schema.org\",\"@graph\":[{\"@type\":\"WebPage\",\"@id\":\"https:\/\/www.cleo.on.ca\/fr\/commandez-des-publications\",\"url\":\"https:\/\/www.cleo.on.ca\/fr\/commandez-des-publications\",\"name\":\"Commandez des publications - CLEO (Community Legal Education Ontario \/ \u00c9ducation juridique communautaire Ontario)\",\"isPartOf\":{\"@id\":\"https:\/\/www.cleo.on.ca\/fr#website\"},\"datePublished\":\"2022-04-28T04:06:12+00:00\",\"dateModified\":\"2026-02-24T20:33:48+00:00\",\"breadcrumb\":{\"@id\":\"https:\/\/www.cleo.on.ca\/fr\/commandez-des-publications#breadcrumb\"},\"inLanguage\":\"fr-FR\",\"potentialAction\":[{\"@type\":\"ReadAction\",\"target\":[\"https:\/\/www.cleo.on.ca\/fr\/commandez-des-publications\"]}]},{\"@type\":\"BreadcrumbList\",\"@id\":\"https:\/\/www.cleo.on.ca\/fr\/commandez-des-publications#breadcrumb\",\"itemListElement\":[{\"@type\":\"ListItem\",\"position\":1,\"name\":\"Home\",\"item\":\"https:\/\/www.cleo.on.ca\/fr\/accueil-2\"},{\"@type\":\"ListItem\",\"position\":2,\"name\":\"Commandez des publications\"}]},{\"@type\":\"WebSite\",\"@id\":\"https:\/\/www.cleo.on.ca\/fr#website\",\"url\":\"https:\/\/www.cleo.on.ca\/fr\",\"name\":\"CLEO (Community Legal Education Ontario \/ \u00c9ducation juridique communautaire Ontario)\",\"description\":\"\",\"potentialAction\":[{\"@type\":\"SearchAction\",\"target\":{\"@type\":\"EntryPoint\",\"urlTemplate\":\"https:\/\/www.cleo.on.ca\/fr?s={search_term_string}\"},\"query-input\":{\"@type\":\"PropertyValueSpecification\",\"valueRequired\":true,\"valueName\":\"search_term_string\"}}],\"inLanguage\":\"fr-FR\"}]}<\/script>\n<!-- \/ Yoast SEO plugin. -->","yoast_head_json":{"title":"Commandez des publications - CLEO (Community Legal Education Ontario \/ \u00c9ducation juridique communautaire Ontario)","robots":{"index":"index","follow":"follow","max-snippet":"max-snippet:-1","max-image-preview":"max-image-preview:large","max-video-preview":"max-video-preview:-1"},"canonical":"https:\/\/www.cleo.on.ca\/fr\/commandez-des-publications","og_locale":"fr_FR","og_type":"article","og_title":"Commandez des publications - CLEO (Community Legal Education Ontario \/ \u00c9ducation juridique communautaire Ontario)","og_description":"Toutes les ressources de CLEO sont fournies gratuitement. Nous r\u00e9visons nos publications r\u00e9guli\u00e8rement pour qu\u2019elles rendent compte des changements apport\u00e9s \u00e0 la loi. Dans la version la plus r\u00e9cente de notre catalogue des ressources juridiques &#8211; CLEO. Notre Liste des publications p\u00e9rim\u00e9es vous indiquent quelles publications sont d\u00e9pass\u00e9es et devraient \u00eatre retir\u00e9es de la circulation.","og_url":"https:\/\/www.cleo.on.ca\/fr\/commandez-des-publications","og_site_name":"CLEO (Community Legal Education Ontario \/ \u00c9ducation juridique communautaire Ontario)","article_modified_time":"2026-02-24T20:33:48+00:00","twitter_card":"summary_large_image","twitter_misc":{"Dur\u00e9e de lecture estim\u00e9e":"1 minute"},"schema":{"@context":"https:\/\/schema.org","@graph":[{"@type":"WebPage","@id":"https:\/\/www.cleo.on.ca\/fr\/commandez-des-publications","url":"https:\/\/www.cleo.on.ca\/fr\/commandez-des-publications","name":"Commandez des publications - CLEO (Community Legal Education Ontario \/ \u00c9ducation juridique communautaire Ontario)","isPartOf":{"@id":"https:\/\/www.cleo.on.ca\/fr#website"},"datePublished":"2022-04-28T04:06:12+00:00","dateModified":"2026-02-24T20:33:48+00:00","breadcrumb":{"@id":"https:\/\/www.cleo.on.ca\/fr\/commandez-des-publications#breadcrumb"},"inLanguage":"fr-FR","potentialAction":[{"@type":"ReadAction","target":["https:\/\/www.cleo.on.ca\/fr\/commandez-des-publications"]}]},{"@type":"BreadcrumbList","@id":"https:\/\/www.cleo.on.ca\/fr\/commandez-des-publications#breadcrumb","itemListElement":[{"@type":"ListItem","position":1,"name":"Home","item":"https:\/\/www.cleo.on.ca\/fr\/accueil-2"},{"@type":"ListItem","position":2,"name":"Commandez des publications"}]},{"@type":"WebSite","@id":"https:\/\/www.cleo.on.ca\/fr#website","url":"https:\/\/www.cleo.on.ca\/fr","name":"CLEO (Community Legal Education Ontario \/ \u00c9ducation juridique communautaire Ontario)","description":"","potentialAction":[{"@type":"SearchAction","target":{"@type":"EntryPoint","urlTemplate":"https:\/\/www.cleo.on.ca\/fr?s={search_term_string}"},"query-input":{"@type":"PropertyValueSpecification","valueRequired":true,"valueName":"search_term_string"}}],"inLanguage":"fr-FR"}]}},"meta_box":{"page_show_banner":"0","page_banner_type":"banner","page_banner_title":"","page_banner_title_color":"","page_banner_description":"","page_banner_image":[],"contact_shortcode":"","contact_address":"","contact_address_details":"","contact_map":{"latitude":"","longitude":"","zoom":""},"remove_map":"","contact_company_name":"","contact_company_phones":[],"contact_company_email":"","contact_textarea":"","contact_other_text_block":"","contact_other_locations_show":"","contact_other_locations_title":"","contact_other_locations_type":"","contact_other_locations":[],"contact_gmaps_zoom_control":"","contact_gmaps_map_type_control":"","contact_gmaps_scaleControl":"","contact_gmaps_streetViewControl":"","contact_gmaps_rotateControl":"","contact_gmaps_fullscreenControl":"","location_gmaps_zoom_control":"","location_gmaps_map_type_control":"","location_gmaps_scaleControl":"","location_gmaps_streetViewControl":"","location_gmaps_rotateControl":"","location_gmaps_fullscreenControl":"","menu_page_links_type":"","menu_page_links":[],"menu_page_links_bottom_content":"","external_links_type":"","external_links":[],"external_sublinks":[],"private_staff_information_blocks":[],"private_staff_links_title":"","private_staff_links":[],"legal_topic_menu":[],"sb_display_type":"","sb_people_block":[],"guided_pathways_top_image":false,"guided_pathways_top_description":"","guided_pathways_topic_menu":"","guided_pathways_whats_new_title":"","guided_pathways_news_category":[],"guided_pathways_button_title":"","guided_pathways_button_url":"","guided_pathways_coming_soon_title":"","guided_pathways_coming_soon_category":[],"guided_pathways_coming_soon_button_title":"","guided_pathways_coming_soon_button_url":"","guided_pathways_job_openings_title":"","guided_pathways_job_openings_category":[],"guided_pathways_job_openings_button_title":"","guided_pathways_job_openings_button_url":"","guided_pathways_featured_studies_title":"","guided_pathways_featured_studies_menu":"","guided_pathways_featured_studies_button_title":"","guided_pathways_featured_studies_button_url":"","banner_title":"","banner_description":"","banner_button_title":"","banner_button_url":"","social_menu":"","resource_section_title":"","resources":[],"announcements_title":"","announcements":[],"homepage_news_title":"","homepage_news_category":[],"homepage_news_button_title":"","homepage_news_button_url":"","hide_title":"0","page_to_resources_to":[]},"_links":{"self":[{"href":"https:\/\/www.cleo.on.ca\/fr\/wp-json\/wp\/v2\/pages\/45228","targetHints":{"allow":["GET"]}}],"collection":[{"href":"https:\/\/www.cleo.on.ca\/fr\/wp-json\/wp\/v2\/pages"}],"about":[{"href":"https:\/\/www.cleo.on.ca\/fr\/wp-json\/wp\/v2\/types\/page"}],"author":[{"embeddable":true,"href":"https:\/\/www.cleo.on.ca\/fr\/wp-json\/wp\/v2\/users\/2"}],"replies":[{"embeddable":true,"href":"https:\/\/www.cleo.on.ca\/fr\/wp-json\/wp\/v2\/comments?post=45228"}],"version-history":[{"count":14,"href":"https:\/\/www.cleo.on.ca\/fr\/wp-json\/wp\/v2\/pages\/45228\/revisions"}],"predecessor-version":[{"id":64073,"href":"https:\/\/www.cleo.on.ca\/fr\/wp-json\/wp\/v2\/pages\/45228\/revisions\/64073"}],"wp:attachment":[{"href":"https:\/\/www.cleo.on.ca\/fr\/wp-json\/wp\/v2\/media?parent=45228"}],"curies":[{"name":"wp","href":"https:\/\/api.w.org\/{rel}","templated":true}]}}