{"id":48946,"date":"2022-05-05T16:50:55","date_gmt":"2022-05-05T20:50:55","guid":{"rendered":"https:\/\/orders.cleo.on.ca\/?page_id=48946"},"modified":"2024-10-16T16:08:16","modified_gmt":"2024-10-16T20:08:16","slug":"site-web-justice-pas-pas","status":"publish","type":"page","link":"https:\/\/www.cleo.on.ca\/fr\/ressources\/site-web-justice-pas-pas","title":{"rendered":"Site web Justice pas-\u00e0-pas"},"content":{"rendered":"<p><a href=\"https:\/\/stepstojustice.ca\/fr\/\" target=\"_blank\" rel=\"noopener\"><img decoding=\"async\" class=\"alignnone size-medium wp-image-58798\" style=\"max-width: 400px; height: auto;\" src=\"https:\/\/www.cleo.on.ca\/wp-content\/uploads\/Steps-to-Justice-\u2013-full-logo-FRE-DIGITAL-600x95.png\" alt=\"\" width=\"600\" height=\"95\" srcset=\"https:\/\/www.cleo.on.ca\/wp-content\/uploads\/Steps-to-Justice-\u2013-full-logo-FRE-DIGITAL-600x95.png 600w, https:\/\/www.cleo.on.ca\/wp-content\/uploads\/Steps-to-Justice-\u2013-full-logo-FRE-DIGITAL-768x122.png 768w, https:\/\/www.cleo.on.ca\/wp-content\/uploads\/Steps-to-Justice-\u2013-full-logo-FRE-DIGITAL-100x16.png 100w, https:\/\/www.cleo.on.ca\/wp-content\/uploads\/Steps-to-Justice-\u2013-full-logo-FRE-DIGITAL-194x31.png 194w, https:\/\/www.cleo.on.ca\/wp-content\/uploads\/Steps-to-Justice-\u2013-full-logo-FRE-DIGITAL-190x30.png 190w, https:\/\/www.cleo.on.ca\/wp-content\/uploads\/Steps-to-Justice-\u2013-full-logo-FRE-DIGITAL-1069x170.png 1069w, https:\/\/www.cleo.on.ca\/wp-content\/uploads\/Steps-to-Justice-\u2013-full-logo-FRE-DIGITAL-1044x166.png 1044w, https:\/\/www.cleo.on.ca\/wp-content\/uploads\/Steps-to-Justice-\u2013-full-logo-FRE-DIGITAL-670x107.png 670w, https:\/\/www.cleo.on.ca\/wp-content\/uploads\/Steps-to-Justice-\u2013-full-logo-FRE-DIGITAL-30x5.png 30w, https:\/\/www.cleo.on.ca\/wp-content\/uploads\/Steps-to-Justice-\u2013-full-logo-FRE-DIGITAL-24x4.png 24w, https:\/\/www.cleo.on.ca\/wp-content\/uploads\/Steps-to-Justice-\u2013-full-logo-FRE-DIGITAL-36x6.png 36w, https:\/\/www.cleo.on.ca\/wp-content\/uploads\/Steps-to-Justice-\u2013-full-logo-FRE-DIGITAL-48x8.png 48w, https:\/\/www.cleo.on.ca\/wp-content\/uploads\/Steps-to-Justice-\u2013-full-logo-FRE-DIGITAL.png 1528w\" sizes=\"(max-width: 600px) 100vw, 600px\" \/><\/a><\/p>\n<p><iframe loading=\"lazy\" title=\"vimeo-player\" src=\"https:\/\/player.vimeo.com\/video\/199691386?h=c241ac5047\" width=\"640\" height=\"360\" frameborder=\"0\" allowfullscreen=\"allowfullscreen\"><\/iframe><\/p>\n<p>Des probl\u00e8mes avec les propri\u00e9taires, un traitement injuste au travail et une s\u00e9paration ou un divorce sont quelques-uns des probl\u00e8mes auxquels les Ontariens et Ontariennes sont confront\u00e9s tous les jours. Trouver des informations juridiques fiables pour comprendre et r\u00e9gler ces probl\u00e8mes n\u2019est pas une chose facile. Les sites <strong>Justice pas-\u00e0-pas<\/strong> et <strong>Steps to Justice<\/strong> sont des projets pilot\u00e9s par CLEO et rassemblent des acteurs cl\u00e9s du secteur de la justice.<\/p>\n<p>Pour des informations pratiques et d\u00e9taill\u00e9es sur les probl\u00e8mes juridiques, consultez le <a href=\"https:\/\/stepstojustice.ca\/fr\" target=\"_blank\" rel=\"noopener\">site Web Justice pas-\u00e0-pas<\/a>.<\/p>\n","protected":false},"excerpt":{"rendered":"<p><a href=\"https:\/\/stepstojustice.ca\/fr\/\" target=\"_blank\" rel=\"noopener\"><\/a><\/p>\n<p>Des probl\u00e8mes avec les propri\u00e9taires, un traitement injuste au travail et une s\u00e9paration ou un divorce sont quelques-uns des probl\u00e8mes auxquels les Ontariens et Ontariennes sont confront\u00e9s tous les jours. Trouver des informations juridiques fiables pour comprendre et r\u00e9gler ces probl\u00e8mes n\u2019est pas une chose facile. Les sites Justice pas-\u00e0-pas et Steps to Justice sont des projets pilot\u00e9s par CLEO et rassemblent des acteurs cl\u00e9s du secteur de la justice.<\/p>\n","protected":false},"author":2,"featured_media":0,"parent":41680,"menu_order":2,"comment_status":"closed","ping_status":"closed","template":"","meta":{"ub_ctt_via":"","inline_featured_image":false,"footnotes":""},"class_list":["post-48946","page","type-page","status-publish","hentry"],"featured_image_src":null,"yoast_head":"<!-- This site is optimized with the Yoast SEO plugin v25.2 - https:\/\/yoast.com\/wordpress\/plugins\/seo\/ -->\n<title>Site web Justice pas-\u00e0-pas - CLEO (Community Legal Education Ontario \/ \u00c9ducation juridique communautaire Ontario)<\/title>\n<meta name=\"robots\" content=\"index, follow, max-snippet:-1, max-image-preview:large, max-video-preview:-1\" \/>\n<link rel=\"canonical\" href=\"https:\/\/www.cleo.on.ca\/fr\/ressources\/site-web-justice-pas-pas\" \/>\n<meta property=\"og:locale\" content=\"fr_FR\" \/>\n<meta property=\"og:type\" content=\"article\" \/>\n<meta property=\"og:title\" content=\"Site web Justice pas-\u00e0-pas - CLEO (Community Legal Education Ontario \/ \u00c9ducation juridique communautaire Ontario)\" \/>\n<meta property=\"og:description\" content=\"Des probl\u00e8mes avec les propri\u00e9taires, un traitement injuste au travail et une s\u00e9paration ou un divorce sont quelques-uns des probl\u00e8mes auxquels les Ontariens et Ontariennes sont confront\u00e9s tous les jours. Trouver des informations juridiques fiables pour comprendre et r\u00e9gler ces probl\u00e8mes n\u2019est pas une chose facile. Les sites Justice pas-\u00e0-pas et Steps to Justice sont des projets pilot\u00e9s par CLEO et rassemblent des acteurs cl\u00e9s du secteur de la justice.\" \/>\n<meta property=\"og:url\" content=\"https:\/\/www.cleo.on.ca\/fr\/ressources\/site-web-justice-pas-pas\" \/>\n<meta property=\"og:site_name\" content=\"CLEO (Community Legal Education Ontario \/ \u00c9ducation juridique communautaire Ontario)\" \/>\n<meta property=\"article:modified_time\" content=\"2024-10-16T20:08:16+00:00\" \/>\n<meta name=\"twitter:card\" content=\"summary_large_image\" \/>\n<meta name=\"twitter:label1\" content=\"Dur\u00e9e de lecture estim\u00e9e\" \/>\n\t<meta name=\"twitter:data1\" content=\"1 minute\" \/>\n<script type=\"application\/ld+json\" class=\"yoast-schema-graph\">{\"@context\":\"https:\/\/schema.org\",\"@graph\":[{\"@type\":\"WebPage\",\"@id\":\"https:\/\/www.cleo.on.ca\/fr\/ressources\/site-web-justice-pas-pas\",\"url\":\"https:\/\/www.cleo.on.ca\/fr\/ressources\/site-web-justice-pas-pas\",\"name\":\"Site web Justice pas-\u00e0-pas - CLEO (Community Legal Education Ontario \/ \u00c9ducation juridique communautaire Ontario)\",\"isPartOf\":{\"@id\":\"https:\/\/www.cleo.on.ca\/fr#website\"},\"datePublished\":\"2022-05-05T20:50:55+00:00\",\"dateModified\":\"2024-10-16T20:08:16+00:00\",\"breadcrumb\":{\"@id\":\"https:\/\/www.cleo.on.ca\/fr\/ressources\/site-web-justice-pas-pas#breadcrumb\"},\"inLanguage\":\"fr-FR\",\"potentialAction\":[{\"@type\":\"ReadAction\",\"target\":[\"https:\/\/www.cleo.on.ca\/fr\/ressources\/site-web-justice-pas-pas\"]}]},{\"@type\":\"BreadcrumbList\",\"@id\":\"https:\/\/www.cleo.on.ca\/fr\/ressources\/site-web-justice-pas-pas#breadcrumb\",\"itemListElement\":[{\"@type\":\"ListItem\",\"position\":1,\"name\":\"Home\",\"item\":\"https:\/\/www.cleo.on.ca\/fr\/accueil-2\"},{\"@type\":\"ListItem\",\"position\":2,\"name\":\"Ressources\",\"item\":\"https:\/\/www.cleo.on.ca\/fr\/ressources\"},{\"@type\":\"ListItem\",\"position\":3,\"name\":\"Site web Justice pas-\u00e0-pas\"}]},{\"@type\":\"WebSite\",\"@id\":\"https:\/\/www.cleo.on.ca\/fr#website\",\"url\":\"https:\/\/www.cleo.on.ca\/fr\",\"name\":\"CLEO (Community Legal Education Ontario \/ \u00c9ducation juridique communautaire Ontario)\",\"description\":\"\",\"potentialAction\":[{\"@type\":\"SearchAction\",\"target\":{\"@type\":\"EntryPoint\",\"urlTemplate\":\"https:\/\/www.cleo.on.ca\/fr?s={search_term_string}\"},\"query-input\":{\"@type\":\"PropertyValueSpecification\",\"valueRequired\":true,\"valueName\":\"search_term_string\"}}],\"inLanguage\":\"fr-FR\"}]}<\/script>\n<!-- \/ Yoast SEO plugin. -->","yoast_head_json":{"title":"Site web Justice pas-\u00e0-pas - CLEO (Community Legal Education Ontario \/ \u00c9ducation juridique communautaire Ontario)","robots":{"index":"index","follow":"follow","max-snippet":"max-snippet:-1","max-image-preview":"max-image-preview:large","max-video-preview":"max-video-preview:-1"},"canonical":"https:\/\/www.cleo.on.ca\/fr\/ressources\/site-web-justice-pas-pas","og_locale":"fr_FR","og_type":"article","og_title":"Site web Justice pas-\u00e0-pas - CLEO (Community Legal Education Ontario \/ \u00c9ducation juridique communautaire Ontario)","og_description":"Des probl\u00e8mes avec les propri\u00e9taires, un traitement injuste au travail et une s\u00e9paration ou un divorce sont quelques-uns des probl\u00e8mes auxquels les Ontariens et Ontariennes sont confront\u00e9s tous les jours. Trouver des informations juridiques fiables pour comprendre et r\u00e9gler ces probl\u00e8mes n\u2019est pas une chose facile. Les sites Justice pas-\u00e0-pas et Steps to Justice sont des projets pilot\u00e9s par CLEO et rassemblent des acteurs cl\u00e9s du secteur de la justice.","og_url":"https:\/\/www.cleo.on.ca\/fr\/ressources\/site-web-justice-pas-pas","og_site_name":"CLEO (Community Legal Education Ontario \/ \u00c9ducation juridique communautaire Ontario)","article_modified_time":"2024-10-16T20:08:16+00:00","twitter_card":"summary_large_image","twitter_misc":{"Dur\u00e9e de lecture estim\u00e9e":"1 minute"},"schema":{"@context":"https:\/\/schema.org","@graph":[{"@type":"WebPage","@id":"https:\/\/www.cleo.on.ca\/fr\/ressources\/site-web-justice-pas-pas","url":"https:\/\/www.cleo.on.ca\/fr\/ressources\/site-web-justice-pas-pas","name":"Site web Justice pas-\u00e0-pas - CLEO (Community Legal Education Ontario \/ \u00c9ducation juridique communautaire Ontario)","isPartOf":{"@id":"https:\/\/www.cleo.on.ca\/fr#website"},"datePublished":"2022-05-05T20:50:55+00:00","dateModified":"2024-10-16T20:08:16+00:00","breadcrumb":{"@id":"https:\/\/www.cleo.on.ca\/fr\/ressources\/site-web-justice-pas-pas#breadcrumb"},"inLanguage":"fr-FR","potentialAction":[{"@type":"ReadAction","target":["https:\/\/www.cleo.on.ca\/fr\/ressources\/site-web-justice-pas-pas"]}]},{"@type":"BreadcrumbList","@id":"https:\/\/www.cleo.on.ca\/fr\/ressources\/site-web-justice-pas-pas#breadcrumb","itemListElement":[{"@type":"ListItem","position":1,"name":"Home","item":"https:\/\/www.cleo.on.ca\/fr\/accueil-2"},{"@type":"ListItem","position":2,"name":"Ressources","item":"https:\/\/www.cleo.on.ca\/fr\/ressources"},{"@type":"ListItem","position":3,"name":"Site web Justice pas-\u00e0-pas"}]},{"@type":"WebSite","@id":"https:\/\/www.cleo.on.ca\/fr#website","url":"https:\/\/www.cleo.on.ca\/fr","name":"CLEO (Community Legal Education Ontario \/ \u00c9ducation juridique communautaire Ontario)","description":"","potentialAction":[{"@type":"SearchAction","target":{"@type":"EntryPoint","urlTemplate":"https:\/\/www.cleo.on.ca\/fr?s={search_term_string}"},"query-input":{"@type":"PropertyValueSpecification","valueRequired":true,"valueName":"search_term_string"}}],"inLanguage":"fr-FR"}]}},"meta_box":{"page_show_banner":"0","page_banner_type":"banner","page_banner_title":"","page_banner_title_color":"","page_banner_description":"","page_banner_image":[],"contact_shortcode":"","contact_address":"","contact_address_details":"","contact_map":{"latitude":"","longitude":"","zoom":""},"remove_map":"","contact_company_name":"","contact_company_phones":[],"contact_company_email":"","contact_textarea":"","contact_other_text_block":"","contact_other_locations_show":"","contact_other_locations_title":"","contact_other_locations_type":"","contact_other_locations":[],"contact_gmaps_zoom_control":"","contact_gmaps_map_type_control":"","contact_gmaps_scaleControl":"","contact_gmaps_streetViewControl":"","contact_gmaps_rotateControl":"","contact_gmaps_fullscreenControl":"","location_gmaps_zoom_control":"","location_gmaps_map_type_control":"","location_gmaps_scaleControl":"","location_gmaps_streetViewControl":"","location_gmaps_rotateControl":"","location_gmaps_fullscreenControl":"","menu_page_links_type":"","menu_page_links":[],"menu_page_links_bottom_content":"","external_links_type":"","external_links":[],"external_sublinks":[],"private_staff_information_blocks":[],"private_staff_links_title":"","private_staff_links":[],"legal_topic_menu":[],"sb_display_type":"","sb_people_block":[],"guided_pathways_top_image":false,"guided_pathways_top_description":"","guided_pathways_topic_menu":"","guided_pathways_whats_new_title":"","guided_pathways_news_category":[],"guided_pathways_button_title":"","guided_pathways_button_url":"","guided_pathways_coming_soon_title":"","guided_pathways_coming_soon_category":[],"guided_pathways_coming_soon_button_title":"","guided_pathways_coming_soon_button_url":"","guided_pathways_job_openings_title":"","guided_pathways_job_openings_category":[],"guided_pathways_job_openings_button_title":"","guided_pathways_job_openings_button_url":"","guided_pathways_featured_studies_title":"","guided_pathways_featured_studies_menu":"","guided_pathways_featured_studies_button_title":"","guided_pathways_featured_studies_button_url":"","banner_title":"","banner_description":"","banner_button_title":"","banner_button_url":"","social_menu":"","resource_section_title":"","resources":[],"announcements_title":"","announcements":[],"homepage_news_title":"","homepage_news_category":[],"homepage_news_button_title":"","homepage_news_button_url":"","hide_title":"1","page_to_resources_to":[]},"_links":{"self":[{"href":"https:\/\/www.cleo.on.ca\/fr\/wp-json\/wp\/v2\/pages\/48946","targetHints":{"allow":["GET"]}}],"collection":[{"href":"https:\/\/www.cleo.on.ca\/fr\/wp-json\/wp\/v2\/pages"}],"about":[{"href":"https:\/\/www.cleo.on.ca\/fr\/wp-json\/wp\/v2\/types\/page"}],"author":[{"embeddable":true,"href":"https:\/\/www.cleo.on.ca\/fr\/wp-json\/wp\/v2\/users\/2"}],"replies":[{"embeddable":true,"href":"https:\/\/www.cleo.on.ca\/fr\/wp-json\/wp\/v2\/comments?post=48946"}],"version-history":[{"count":3,"href":"https:\/\/www.cleo.on.ca\/fr\/wp-json\/wp\/v2\/pages\/48946\/revisions"}],"predecessor-version":[{"id":58800,"href":"https:\/\/www.cleo.on.ca\/fr\/wp-json\/wp\/v2\/pages\/48946\/revisions\/58800"}],"up":[{"embeddable":true,"href":"https:\/\/www.cleo.on.ca\/fr\/wp-json\/wp\/v2\/pages\/41680"}],"wp:attachment":[{"href":"https:\/\/www.cleo.on.ca\/fr\/wp-json\/wp\/v2\/media?parent=48946"}],"curies":[{"name":"wp","href":"https:\/\/api.w.org\/{rel}","templated":true}]}}