{"id":48976,"date":"2022-05-06T06:18:38","date_gmt":"2022-05-06T10:18:38","guid":{"rendered":"https:\/\/orders.cleo.on.ca\/?page_id=48976"},"modified":"2024-10-08T12:45:45","modified_gmt":"2024-10-08T16:45:45","slug":"cleo-connect","status":"publish","type":"page","link":"https:\/\/www.cleo.on.ca\/fr\/projets\/cleo-connect","title":{"rendered":"CLEO Connect"},"content":{"rendered":"<p><a href=\"https:\/\/cleoconnect.ca\/\" target=\"_blank\" rel=\"noopener\"><img decoding=\"async\" class=\"alignnone size-full wp-image-48966\" style=\"width: 400px; height: auto;\" src=\"\/wp-content\/uploads\/images\/logo-cleoconnect.svg\" alt=\"CLEO Connect logo\" width=\"2570\" height=\"288\" \/><\/a><\/p>\n<p>Aidez-vous les personnes qui ont des probl\u00e8mes juridiques? CLEO Connect est le portail en ligne de l&rsquo;Ontario qui offre la formation, les outils et les connexions pour vous accompagner \u00e0 soutenir vos clients. Sur <a href=\"https:\/\/cleoconnect.ca\/cleo-legal-information\/francais\/\" target=\"_blank\" rel=\"noopener\">CLEO Connect<\/a>, vous pouvez :<\/p>\n<ul>\n<li><a href=\"https:\/\/cleoconnect.ca\/cleo-legal-information\/francais\/\" target=\"_blank\" rel=\"noopener\">faire une demande d&rsquo;atelier<\/a> pour former votre personnel et d&rsquo;autres coll\u00e8gues ou sur le <a href=\"https:\/\/cleoconnect.ca\/cleo-legal-information\/francais\/\" target=\"_blank\" rel=\"noopener\">renforcement des comp\u00e9tences<\/a> pour mieux aider les personnes qui ont des probl\u00e8mes juridiques<\/li>\n<li>commander un <a href=\"https:\/\/cleoconnect.ca\/workshop-request-form-1\/\" target=\"_blank\" rel=\"noopener\">atelier d&rsquo;\u00e9quipe<\/a> pour votre organisme sans but lucratif<\/li>\n<li>trouver des <a href=\"https:\/\/cleoconnect.ca\/lesson-plans\/\">plans de le\u00e7ons<\/a> et des activit\u00e9s pour vos cours d&rsquo;alphab\u00e9tisation, de formation professionnelle ou d&rsquo;ALS\u200a\/\u200aCLIC (disponible en anglais seulement)<\/li>\n<li>obtenir des <a href=\"https:\/\/cleoconnect.ca\/tools-tips\/tip-sheets-and-referral-information\/\" target=\"_blank\" rel=\"noopener\">fiches de conseils pratiques<\/a>, d\u00e9couvrir les <a href=\"https:\/\/cleoconnect.ca\/tools-tips\/creating-good-legal-information\/\" target=\"_blank\" rel=\"noopener\">meilleures pratiques d&rsquo;utilisation du langage clair<\/a>, <a href=\"https:\/\/cleoconnect.ca\/about-us\/cleos-research-work\/\" target=\"_blank\" rel=\"noopener\">trouver des \u00e9tudes<\/a>, etc.<\/li>\n<\/ul>\n","protected":false},"excerpt":{"rendered":"<p><a href=\"https:\/\/cleoconnect.ca\/\" target=\"_blank\" rel=\"noopener\"><\/a><br \/>\nAidez-vous les personnes qui ont des probl\u00e8mes juridiques? CLEO Connect est le portail en ligne de l&rsquo;Ontario qui offre la formation, les outils et les connexions pour vous accompagner \u00e0 soutenir vos clients. Sur <a href=\"https:\/\/cleoconnect.ca\/cleo-legal-information\/francais\/\" target=\"_blank\" rel=\"noopener\">CLEO Connect<\/a>, vous pouvez :<\/p>\n<p><a href=\"https:\/\/cleoconnect.ca\/cleo-legal-information\/francais\/\" target=\"_blank\" rel=\"noopener\">faire une demande d&rsquo;atelier<\/a> pour former votre personnel et d&rsquo;autres coll\u00e8gues ou sur le <a href=\"https:\/\/cleoconnect.ca\/cleo-legal-information\/francais\/\" target=\"_blank\" rel=\"noopener\">renforcement des comp\u00e9tences<\/a> pour mieux aider les personnes qui ont des probl\u00e8mes juridiques<br \/>\ncommander un <a href=\"https:\/\/cleoconnect.ca\/workshop-request-form-1\/\" target=\"_blank\" rel=\"noopener\">atelier d&rsquo;\u00e9quipe<\/a> pour votre organisme sans but lucratif<br \/>\ntrouver des <a href=\"https:\/\/cleoconnect.ca\/lesson-plans\/\">plans de le\u00e7ons<\/a> et des activit\u00e9s pour vos cours d&rsquo;alphab\u00e9tisation,<\/p>\n","protected":false},"author":2,"featured_media":0,"parent":48974,"menu_order":0,"comment_status":"closed","ping_status":"closed","template":"","meta":{"ub_ctt_via":"","inline_featured_image":false,"footnotes":""},"class_list":["post-48976","page","type-page","status-publish","hentry"],"featured_image_src":null,"yoast_head":"<!-- This site is optimized with the Yoast SEO plugin v25.2 - https:\/\/yoast.com\/wordpress\/plugins\/seo\/ -->\n<title>CLEO Connect - CLEO (Community Legal Education Ontario \/ \u00c9ducation juridique communautaire Ontario)<\/title>\n<meta name=\"robots\" content=\"index, follow, max-snippet:-1, max-image-preview:large, max-video-preview:-1\" \/>\n<link rel=\"canonical\" href=\"https:\/\/www.cleo.on.ca\/fr\/projets\/cleo-connect\" \/>\n<meta property=\"og:locale\" content=\"fr_FR\" \/>\n<meta property=\"og:type\" content=\"article\" \/>\n<meta property=\"og:title\" content=\"CLEO Connect - CLEO (Community Legal Education Ontario \/ \u00c9ducation juridique communautaire Ontario)\" \/>\n<meta property=\"og:description\" content=\"Aidez-vous les personnes qui ont des probl\u00e8mes juridiques? CLEO Connect est le portail en ligne de l&rsquo;Ontario qui offre la formation, les outils et les connexions pour vous accompagner \u00e0 soutenir vos clients. Sur CLEO Connect, vous pouvez : faire une demande d&rsquo;atelier pour former votre personnel et d&rsquo;autres coll\u00e8gues ou sur le renforcement des comp\u00e9tences pour mieux aider les personnes qui ont des probl\u00e8mes juridiques commander un atelier d&rsquo;\u00e9quipe pour votre organisme sans but lucratif trouver des plans de le\u00e7ons et des activit\u00e9s pour vos cours d&rsquo;alphab\u00e9tisation,\" \/>\n<meta property=\"og:url\" content=\"https:\/\/www.cleo.on.ca\/fr\/projets\/cleo-connect\" \/>\n<meta property=\"og:site_name\" content=\"CLEO (Community Legal Education Ontario \/ \u00c9ducation juridique communautaire Ontario)\" \/>\n<meta property=\"article:modified_time\" content=\"2024-10-08T16:45:45+00:00\" \/>\n<meta name=\"twitter:card\" content=\"summary_large_image\" \/>\n<meta name=\"twitter:label1\" content=\"Dur\u00e9e de lecture estim\u00e9e\" \/>\n\t<meta name=\"twitter:data1\" content=\"1 minute\" \/>\n<script type=\"application\/ld+json\" class=\"yoast-schema-graph\">{\"@context\":\"https:\/\/schema.org\",\"@graph\":[{\"@type\":\"WebPage\",\"@id\":\"https:\/\/www.cleo.on.ca\/fr\/projets\/cleo-connect\",\"url\":\"https:\/\/www.cleo.on.ca\/fr\/projets\/cleo-connect\",\"name\":\"CLEO Connect - CLEO (Community Legal Education Ontario \/ \u00c9ducation juridique communautaire Ontario)\",\"isPartOf\":{\"@id\":\"https:\/\/www.cleo.on.ca\/fr#website\"},\"datePublished\":\"2022-05-06T10:18:38+00:00\",\"dateModified\":\"2024-10-08T16:45:45+00:00\",\"breadcrumb\":{\"@id\":\"https:\/\/www.cleo.on.ca\/fr\/projets\/cleo-connect#breadcrumb\"},\"inLanguage\":\"fr-FR\",\"potentialAction\":[{\"@type\":\"ReadAction\",\"target\":[\"https:\/\/www.cleo.on.ca\/fr\/projets\/cleo-connect\"]}]},{\"@type\":\"BreadcrumbList\",\"@id\":\"https:\/\/www.cleo.on.ca\/fr\/projets\/cleo-connect#breadcrumb\",\"itemListElement\":[{\"@type\":\"ListItem\",\"position\":1,\"name\":\"Home\",\"item\":\"https:\/\/www.cleo.on.ca\/fr\/accueil-2\"},{\"@type\":\"ListItem\",\"position\":2,\"name\":\"Programmes\",\"item\":\"https:\/\/www.cleo.on.ca\/fr\/projets\"},{\"@type\":\"ListItem\",\"position\":3,\"name\":\"CLEO Connect\"}]},{\"@type\":\"WebSite\",\"@id\":\"https:\/\/www.cleo.on.ca\/fr#website\",\"url\":\"https:\/\/www.cleo.on.ca\/fr\",\"name\":\"CLEO (Community Legal Education Ontario \/ \u00c9ducation juridique communautaire Ontario)\",\"description\":\"\",\"potentialAction\":[{\"@type\":\"SearchAction\",\"target\":{\"@type\":\"EntryPoint\",\"urlTemplate\":\"https:\/\/www.cleo.on.ca\/fr?s={search_term_string}\"},\"query-input\":{\"@type\":\"PropertyValueSpecification\",\"valueRequired\":true,\"valueName\":\"search_term_string\"}}],\"inLanguage\":\"fr-FR\"}]}<\/script>\n<!-- \/ Yoast SEO plugin. -->","yoast_head_json":{"title":"CLEO Connect - CLEO (Community Legal Education Ontario \/ \u00c9ducation juridique communautaire Ontario)","robots":{"index":"index","follow":"follow","max-snippet":"max-snippet:-1","max-image-preview":"max-image-preview:large","max-video-preview":"max-video-preview:-1"},"canonical":"https:\/\/www.cleo.on.ca\/fr\/projets\/cleo-connect","og_locale":"fr_FR","og_type":"article","og_title":"CLEO Connect - CLEO (Community Legal Education Ontario \/ \u00c9ducation juridique communautaire Ontario)","og_description":"Aidez-vous les personnes qui ont des probl\u00e8mes juridiques? CLEO Connect est le portail en ligne de l&rsquo;Ontario qui offre la formation, les outils et les connexions pour vous accompagner \u00e0 soutenir vos clients. Sur CLEO Connect, vous pouvez : faire une demande d&rsquo;atelier pour former votre personnel et d&rsquo;autres coll\u00e8gues ou sur le renforcement des comp\u00e9tences pour mieux aider les personnes qui ont des probl\u00e8mes juridiques commander un atelier d&rsquo;\u00e9quipe pour votre organisme sans but lucratif trouver des plans de le\u00e7ons et des activit\u00e9s pour vos cours d&rsquo;alphab\u00e9tisation,","og_url":"https:\/\/www.cleo.on.ca\/fr\/projets\/cleo-connect","og_site_name":"CLEO (Community Legal Education Ontario \/ \u00c9ducation juridique communautaire Ontario)","article_modified_time":"2024-10-08T16:45:45+00:00","twitter_card":"summary_large_image","twitter_misc":{"Dur\u00e9e de lecture estim\u00e9e":"1 minute"},"schema":{"@context":"https:\/\/schema.org","@graph":[{"@type":"WebPage","@id":"https:\/\/www.cleo.on.ca\/fr\/projets\/cleo-connect","url":"https:\/\/www.cleo.on.ca\/fr\/projets\/cleo-connect","name":"CLEO Connect - CLEO (Community Legal Education Ontario \/ \u00c9ducation juridique communautaire Ontario)","isPartOf":{"@id":"https:\/\/www.cleo.on.ca\/fr#website"},"datePublished":"2022-05-06T10:18:38+00:00","dateModified":"2024-10-08T16:45:45+00:00","breadcrumb":{"@id":"https:\/\/www.cleo.on.ca\/fr\/projets\/cleo-connect#breadcrumb"},"inLanguage":"fr-FR","potentialAction":[{"@type":"ReadAction","target":["https:\/\/www.cleo.on.ca\/fr\/projets\/cleo-connect"]}]},{"@type":"BreadcrumbList","@id":"https:\/\/www.cleo.on.ca\/fr\/projets\/cleo-connect#breadcrumb","itemListElement":[{"@type":"ListItem","position":1,"name":"Home","item":"https:\/\/www.cleo.on.ca\/fr\/accueil-2"},{"@type":"ListItem","position":2,"name":"Programmes","item":"https:\/\/www.cleo.on.ca\/fr\/projets"},{"@type":"ListItem","position":3,"name":"CLEO Connect"}]},{"@type":"WebSite","@id":"https:\/\/www.cleo.on.ca\/fr#website","url":"https:\/\/www.cleo.on.ca\/fr","name":"CLEO (Community Legal Education Ontario \/ \u00c9ducation juridique communautaire Ontario)","description":"","potentialAction":[{"@type":"SearchAction","target":{"@type":"EntryPoint","urlTemplate":"https:\/\/www.cleo.on.ca\/fr?s={search_term_string}"},"query-input":{"@type":"PropertyValueSpecification","valueRequired":true,"valueName":"search_term_string"}}],"inLanguage":"fr-FR"}]}},"meta_box":{"page_show_banner":"0","page_banner_type":"banner","page_banner_title":"","page_banner_title_color":"","page_banner_description":"","page_banner_image":[],"contact_shortcode":"","contact_address":"","contact_address_details":"","contact_map":{"latitude":"","longitude":"","zoom":""},"remove_map":"","contact_company_name":"","contact_company_phones":[],"contact_company_email":"","contact_textarea":"","contact_other_text_block":"","contact_other_locations_show":"","contact_other_locations_title":"","contact_other_locations_type":"","contact_other_locations":[],"contact_gmaps_zoom_control":"","contact_gmaps_map_type_control":"","contact_gmaps_scaleControl":"","contact_gmaps_streetViewControl":"","contact_gmaps_rotateControl":"","contact_gmaps_fullscreenControl":"","location_gmaps_zoom_control":"","location_gmaps_map_type_control":"","location_gmaps_scaleControl":"","location_gmaps_streetViewControl":"","location_gmaps_rotateControl":"","location_gmaps_fullscreenControl":"","menu_page_links_type":"","menu_page_links":[],"menu_page_links_bottom_content":"","external_links_type":"","external_links":[],"external_sublinks":[],"private_staff_information_blocks":[],"private_staff_links_title":"","private_staff_links":[],"legal_topic_menu":[],"sb_display_type":"","sb_people_block":[],"guided_pathways_top_image":false,"guided_pathways_top_description":"","guided_pathways_topic_menu":"","guided_pathways_whats_new_title":"","guided_pathways_news_category":[],"guided_pathways_button_title":"","guided_pathways_button_url":"","guided_pathways_coming_soon_title":"","guided_pathways_coming_soon_category":[],"guided_pathways_coming_soon_button_title":"","guided_pathways_coming_soon_button_url":"","guided_pathways_job_openings_title":"","guided_pathways_job_openings_category":[],"guided_pathways_job_openings_button_title":"","guided_pathways_job_openings_button_url":"","guided_pathways_featured_studies_title":"","guided_pathways_featured_studies_menu":"","guided_pathways_featured_studies_button_title":"","guided_pathways_featured_studies_button_url":"","banner_title":"","banner_description":"","banner_button_title":"","banner_button_url":"","social_menu":"","resource_section_title":"","resources":[],"announcements_title":"","announcements":[],"homepage_news_title":"","homepage_news_category":[],"homepage_news_button_title":"","homepage_news_button_url":"","hide_title":"1","page_to_resources_to":[]},"_links":{"self":[{"href":"https:\/\/www.cleo.on.ca\/fr\/wp-json\/wp\/v2\/pages\/48976","targetHints":{"allow":["GET"]}}],"collection":[{"href":"https:\/\/www.cleo.on.ca\/fr\/wp-json\/wp\/v2\/pages"}],"about":[{"href":"https:\/\/www.cleo.on.ca\/fr\/wp-json\/wp\/v2\/types\/page"}],"author":[{"embeddable":true,"href":"https:\/\/www.cleo.on.ca\/fr\/wp-json\/wp\/v2\/users\/2"}],"replies":[{"embeddable":true,"href":"https:\/\/www.cleo.on.ca\/fr\/wp-json\/wp\/v2\/comments?post=48976"}],"version-history":[{"count":8,"href":"https:\/\/www.cleo.on.ca\/fr\/wp-json\/wp\/v2\/pages\/48976\/revisions"}],"predecessor-version":[{"id":58760,"href":"https:\/\/www.cleo.on.ca\/fr\/wp-json\/wp\/v2\/pages\/48976\/revisions\/58760"}],"up":[{"embeddable":true,"href":"https:\/\/www.cleo.on.ca\/fr\/wp-json\/wp\/v2\/pages\/48974"}],"wp:attachment":[{"href":"https:\/\/www.cleo.on.ca\/fr\/wp-json\/wp\/v2\/media?parent=48976"}],"curies":[{"name":"wp","href":"https:\/\/api.w.org\/{rel}","templated":true}]}}