{"id":49012,"date":"2022-05-06T06:55:45","date_gmt":"2022-05-06T10:55:45","guid":{"rendered":"https:\/\/orders.cleo.on.ca\/?page_id=49012"},"modified":"2025-06-04T14:36:51","modified_gmt":"2025-06-04T18:36:51","slug":"accueil-2","status":"publish","type":"page","link":"https:\/\/www.cleo.on.ca\/fr","title":{"rendered":"Accueil"},"content":{"rendered":"","protected":false},"excerpt":{"rendered":"","protected":false},"author":2,"featured_media":0,"parent":0,"menu_order":-10,"comment_status":"closed","ping_status":"closed","template":"front-page.php","meta":{"ub_ctt_via":"","inline_featured_image":false,"footnotes":""},"class_list":["post-49012","page","type-page","status-publish","hentry"],"featured_image_src":null,"yoast_head":"<!-- This site is optimized with the Yoast SEO plugin v25.2 - https:\/\/yoast.com\/wordpress\/plugins\/seo\/ -->\n<title>Accueil - CLEO (Community Legal Education Ontario \/ \u00c9ducation juridique communautaire Ontario)<\/title>\n<meta name=\"robots\" content=\"index, follow, max-snippet:-1, max-image-preview:large, max-video-preview:-1\" \/>\n<link rel=\"canonical\" href=\"https:\/\/www.cleo.on.ca\/fr\" \/>\n<meta property=\"og:locale\" content=\"fr_FR\" \/>\n<meta property=\"og:type\" content=\"article\" \/>\n<meta property=\"og:title\" content=\"Accueil - CLEO (Community Legal Education Ontario \/ \u00c9ducation juridique communautaire Ontario)\" \/>\n<meta property=\"og:url\" content=\"https:\/\/www.cleo.on.ca\/fr\" \/>\n<meta property=\"og:site_name\" content=\"CLEO (Community Legal Education Ontario \/ \u00c9ducation juridique communautaire Ontario)\" \/>\n<meta property=\"article:modified_time\" content=\"2025-06-04T18:36:51+00:00\" \/>\n<meta name=\"twitter:card\" content=\"summary_large_image\" \/>\n<script type=\"application\/ld+json\" class=\"yoast-schema-graph\">{\"@context\":\"https:\/\/schema.org\",\"@graph\":[{\"@type\":\"WebPage\",\"@id\":\"https:\/\/www.cleo.on.ca\/fr\",\"url\":\"https:\/\/www.cleo.on.ca\/fr\",\"name\":\"Accueil - CLEO (Community Legal Education Ontario \/ \u00c9ducation juridique communautaire Ontario)\",\"isPartOf\":{\"@id\":\"https:\/\/www.cleo.on.ca\/fr#website\"},\"datePublished\":\"2022-05-06T10:55:45+00:00\",\"dateModified\":\"2025-06-04T18:36:51+00:00\",\"breadcrumb\":{\"@id\":\"https:\/\/www.cleo.on.ca\/fr#breadcrumb\"},\"inLanguage\":\"fr-FR\",\"potentialAction\":[{\"@type\":\"ReadAction\",\"target\":[\"https:\/\/www.cleo.on.ca\/fr\"]}]},{\"@type\":\"BreadcrumbList\",\"@id\":\"https:\/\/www.cleo.on.ca\/fr#breadcrumb\",\"itemListElement\":[{\"@type\":\"ListItem\",\"position\":1,\"name\":\"Home\",\"item\":\"https:\/\/www.cleo.on.ca\/fr\/accueil-2\"},{\"@type\":\"ListItem\",\"position\":2,\"name\":\"Accueil\"}]},{\"@type\":\"WebSite\",\"@id\":\"https:\/\/www.cleo.on.ca\/fr#website\",\"url\":\"https:\/\/www.cleo.on.ca\/fr\",\"name\":\"CLEO (Community Legal Education Ontario \/ \u00c9ducation juridique communautaire Ontario)\",\"description\":\"\",\"potentialAction\":[{\"@type\":\"SearchAction\",\"target\":{\"@type\":\"EntryPoint\",\"urlTemplate\":\"https:\/\/www.cleo.on.ca\/fr?s={search_term_string}\"},\"query-input\":{\"@type\":\"PropertyValueSpecification\",\"valueRequired\":true,\"valueName\":\"search_term_string\"}}],\"inLanguage\":\"fr-FR\"}]}<\/script>\n<!-- \/ Yoast SEO plugin. -->","yoast_head_json":{"title":"Accueil - CLEO (Community Legal Education Ontario \/ \u00c9ducation juridique communautaire Ontario)","robots":{"index":"index","follow":"follow","max-snippet":"max-snippet:-1","max-image-preview":"max-image-preview:large","max-video-preview":"max-video-preview:-1"},"canonical":"https:\/\/www.cleo.on.ca\/fr","og_locale":"fr_FR","og_type":"article","og_title":"Accueil - CLEO (Community Legal Education Ontario \/ \u00c9ducation juridique communautaire Ontario)","og_url":"https:\/\/www.cleo.on.ca\/fr","og_site_name":"CLEO (Community Legal Education Ontario \/ \u00c9ducation juridique communautaire Ontario)","article_modified_time":"2025-06-04T18:36:51+00:00","twitter_card":"summary_large_image","schema":{"@context":"https:\/\/schema.org","@graph":[{"@type":"WebPage","@id":"https:\/\/www.cleo.on.ca\/fr","url":"https:\/\/www.cleo.on.ca\/fr","name":"Accueil - CLEO (Community Legal Education Ontario \/ \u00c9ducation juridique communautaire Ontario)","isPartOf":{"@id":"https:\/\/www.cleo.on.ca\/fr#website"},"datePublished":"2022-05-06T10:55:45+00:00","dateModified":"2025-06-04T18:36:51+00:00","breadcrumb":{"@id":"https:\/\/www.cleo.on.ca\/fr#breadcrumb"},"inLanguage":"fr-FR","potentialAction":[{"@type":"ReadAction","target":["https:\/\/www.cleo.on.ca\/fr"]}]},{"@type":"BreadcrumbList","@id":"https:\/\/www.cleo.on.ca\/fr#breadcrumb","itemListElement":[{"@type":"ListItem","position":1,"name":"Home","item":"https:\/\/www.cleo.on.ca\/fr\/accueil-2"},{"@type":"ListItem","position":2,"name":"Accueil"}]},{"@type":"WebSite","@id":"https:\/\/www.cleo.on.ca\/fr#website","url":"https:\/\/www.cleo.on.ca\/fr","name":"CLEO (Community Legal Education Ontario \/ \u00c9ducation juridique communautaire Ontario)","description":"","potentialAction":[{"@type":"SearchAction","target":{"@type":"EntryPoint","urlTemplate":"https:\/\/www.cleo.on.ca\/fr?s={search_term_string}"},"query-input":{"@type":"PropertyValueSpecification","valueRequired":true,"valueName":"search_term_string"}}],"inLanguage":"fr-FR"}]}},"meta_box":{"page_show_banner":"","page_banner_type":"","page_banner_title":"","page_banner_title_color":"","page_banner_description":"","page_banner_image":[],"contact_shortcode":"","contact_address":"","contact_address_details":"","contact_map":{"latitude":"","longitude":"","zoom":""},"remove_map":"","contact_company_name":"","contact_company_phones":[],"contact_company_email":"","contact_textarea":"","contact_other_text_block":"","contact_other_locations_show":"","contact_other_locations_title":"","contact_other_locations_type":"","contact_other_locations":[],"contact_gmaps_zoom_control":"","contact_gmaps_map_type_control":"","contact_gmaps_scaleControl":"","contact_gmaps_streetViewControl":"","contact_gmaps_rotateControl":"","contact_gmaps_fullscreenControl":"","location_gmaps_zoom_control":"","location_gmaps_map_type_control":"","location_gmaps_scaleControl":"","location_gmaps_streetViewControl":"","location_gmaps_rotateControl":"","location_gmaps_fullscreenControl":"","menu_page_links_type":"","menu_page_links":[],"menu_page_links_bottom_content":"","external_links_type":"","external_links":[],"external_sublinks":[],"private_staff_information_blocks":[],"private_staff_links_title":"","private_staff_links":[],"legal_topic_menu":[],"sb_display_type":"","sb_people_block":[],"guided_pathways_top_image":false,"guided_pathways_top_description":"","guided_pathways_topic_menu":"","guided_pathways_whats_new_title":"","guided_pathways_news_category":[],"guided_pathways_button_title":"","guided_pathways_button_url":"","guided_pathways_coming_soon_title":"","guided_pathways_coming_soon_category":[],"guided_pathways_coming_soon_button_title":"","guided_pathways_coming_soon_button_url":"","guided_pathways_job_openings_title":"","guided_pathways_job_openings_category":[],"guided_pathways_job_openings_button_title":"","guided_pathways_job_openings_button_url":"","guided_pathways_featured_studies_title":"","guided_pathways_featured_studies_menu":"","guided_pathways_featured_studies_button_title":"","guided_pathways_featured_studies_button_url":"","banner_title":"Des renseignements juridiques gratuits et faciles \u00e0 comprendre","banner_description":"Nos renseignements juridiques aident les personnes de l'Ontario qui doivent surmonter des obstacles pour acc\u00e9der au syst\u00e8me de justice, notamment la discrimination, le revenu, la langue et la litt\u00e9ratie.","banner_button_title":"En savoir plus sur CLEO","banner_button_url":"https:\/\/www.cleo.on.ca\/fr\/a-propos\/propos-de-cleo","social_menu":"1232","resource_section_title":"Que cherchez-vous?","resources":[{"title":"Lisez, imprimez et commandez des publications sur de nombreux sujets juridiques.","icon":"61996","extended_section_title":"Publications","extended_section_description":"Publications imprim\u00e9es et autres ressources","extended_section_image":"61979","extended_section_menu":"1307"},{"title":"Trouvez des renseignements d\u00e9taill\u00e9s sur des probl\u00e8mes juridiques courants.","icon":"62000","extended_section_title":"Justice pas-\u00e0-pas","extended_section_description":"Votre guide de droit en Ontario","extended_section_image":"61986","extended_section_menu":"1309"},{"title":"Remplissez des formulaires juridiques, r\u00e9digez des documents et identifiez les prochaines \u00e9tapes.","icon":"61994","extended_section_title":"Parcours guid\u00e9s","extended_section_description":"Remplir vos formulaires juridiques et passer \u00e0 l'action","extended_section_image":"61990","extended_section_menu":"1311"},{"title":"Explorez nos formations, nos outils et nos ressources juridiques pour les travailleurs communautaires.","icon":"62002","extended_section_title":"CLEO Connect","extended_section_description":"Formation et outils pour les travailleurs communautaires  ","extended_section_image":"61988","extended_section_menu":"1313"}],"announcements_title":"Nouvelles et annonces","announcements":[{"title":"Nouvelles vid\u00e9os sur les motions en droit de la famille","description":"CLEO est heureuse de pr\u00e9senter 4 nouvelles vid\u00e9os sur les motions en droit de la famille.","button_text":"En savoir plus","button_url":"\/fr\/nouveautes\/nouvelles-videos-sur-les-motions-en-droit-de-la-famille"},{"title":"Nouvelles fiches-conseils pour les demandeurs d'asile","description":"Justice pas-\u00e0-pas a d\u00e9velopp\u00e9 des fiches&#8209;conseils imprimables pour aider les demandeurs d'asile \u00e0 se pr\u00e9parer pour leur audience.","button_text":"En savoir plus","button_url":"\/fr\/nouveautes\/nouvelles-fiches-conseils-pour-les-demandeurs-dasile-2"}],"homepage_news_title":"","homepage_news_category":[{"term_id":1261,"name":"Actualit\u00e9s de CLEO","slug":"actualites-cleo","term_group":0,"term_taxonomy_id":1261,"taxonomy":"category","description":"","parent":0,"count":11,"filter":"raw","term_order":"0"},{"term_id":1262,"name":"Actualit\u00e9s et mises \u00e0 jour","slug":"dernieres-mises-a-jour","term_group":0,"term_taxonomy_id":1262,"taxonomy":"category","description":"","parent":0,"count":79,"filter":"raw","term_order":"0"},{"term_id":1263,"name":"Sur le radar","slug":"sur-le-radar","term_group":0,"term_taxonomy_id":1263,"taxonomy":"category","description":"","parent":0,"count":38,"filter":"raw","term_order":"0"},{"term_id":1264,"name":"Mises \u00e0 jour trimestrielles","slug":"mises-a-jour-trimestrielles","term_group":0,"term_taxonomy_id":1264,"taxonomy":"category","description":"","parent":0,"count":5,"filter":"raw","term_order":"0"},{"term_id":1287,"name":"Offres d\u2019emploi","slug":"offres-demploi","term_group":0,"term_taxonomy_id":1287,"taxonomy":"category","description":"","parent":0,"count":0,"filter":"raw","term_order":"0"},{"term_id":1299,"name":"La recherche","slug":"la-recherche","term_group":0,"term_taxonomy_id":1299,"taxonomy":"category","description":"","parent":0,"count":0,"filter":"raw","term_order":"0"}],"homepage_news_button_title":"En savoir plus","homepage_news_button_url":"\/fr\/nouveautes","hide_title":"0","page_to_resources_to":[]},"_links":{"self":[{"href":"https:\/\/www.cleo.on.ca\/fr\/wp-json\/wp\/v2\/pages\/49012","targetHints":{"allow":["GET"]}}],"collection":[{"href":"https:\/\/www.cleo.on.ca\/fr\/wp-json\/wp\/v2\/pages"}],"about":[{"href":"https:\/\/www.cleo.on.ca\/fr\/wp-json\/wp\/v2\/types\/page"}],"author":[{"embeddable":true,"href":"https:\/\/www.cleo.on.ca\/fr\/wp-json\/wp\/v2\/users\/2"}],"replies":[{"embeddable":true,"href":"https:\/\/www.cleo.on.ca\/fr\/wp-json\/wp\/v2\/comments?post=49012"}],"version-history":[{"count":1,"href":"https:\/\/www.cleo.on.ca\/fr\/wp-json\/wp\/v2\/pages\/49012\/revisions"}],"predecessor-version":[{"id":49013,"href":"https:\/\/www.cleo.on.ca\/fr\/wp-json\/wp\/v2\/pages\/49012\/revisions\/49013"}],"wp:attachment":[{"href":"https:\/\/www.cleo.on.ca\/fr\/wp-json\/wp\/v2\/media?parent=49012"}],"curies":[{"name":"wp","href":"https:\/\/api.w.org\/{rel}","templated":true}]}}