{"id":49167,"date":"2022-05-29T14:14:43","date_gmt":"2022-05-29T18:14:43","guid":{"rendered":"https:\/\/orders.cleo.on.ca\/?page_id=49167"},"modified":"2024-10-08T12:25:11","modified_gmt":"2024-10-08T16:25:11","slug":"conditions-dutilisation","status":"publish","type":"page","link":"https:\/\/www.cleo.on.ca\/fr\/conditions-dutilisation","title":{"rendered":"Conditions d\u2019utilisation"},"content":{"rendered":"<p>En utilisant le site web de CLEO, vous acceptez d&rsquo;\u00eatre li\u00e9(e) par les modalit\u00e9s \u00e9nonc\u00e9es aux paragraphes suivants ainsi que par les modifications qui pourront y \u00eatre apport\u00e9es au besoin.<\/p>\n<h3>1. Droit d&rsquo;auteur et utilisation des documents<\/h3>\n<p>Tous les documents vers\u00e9s dans le site web de CLEO sont prot\u00e9g\u00e9s par les lois r\u00e9gissant le droit d&rsquo;auteur, les marques de commerce et d&rsquo;autres domaines. Sauf indication contraire, ces documents appartiennent \u00e0 CLEO (Community Legal Education Ontario\u200a\/\u200a\u00c9ducation juridique communautaire Ontario).<\/p>\n<p>Tous les documents dont le droit d&rsquo;auteur appartient \u00e0 CLEO peuvent \u00eatre t\u00e9l\u00e9charg\u00e9s et imprim\u00e9s dans leur int\u00e9gralit\u00e9 \u00e0 des fins \u00e9ducatives, ou non commerciales, avec la mention qu&rsquo;ils proviennent de CLEO. Sauf avec l&rsquo;obtention pr\u00e9alable d&rsquo;une permission que CLEO aura \u00e9nonc\u00e9e par \u00e9crit, aucun document vers\u00e9 dans le pr\u00e9sent site ne peut, en tout ou en partie, \u00eatre vendu ou autrement communiqu\u00e9 \u00e0 des fins commerciales sous quelque forme ou par quelque moyen que ce soit.<\/p>\n<h3>2. Avis d&rsquo;exon\u00e9ration de responsabilit\u00e9<\/h3>\n<p>Les renseignements du pr\u00e9sent site web ont un caract\u00e8re g\u00e9n\u00e9ral et ne constituent pas des conseils juridiques. Si vous avez besoin de conseils concernant un probl\u00e8me juridique particulier, communiquez avec un avocat ou une clinique juridique communautaire.<\/p>\n<p>CLEO ne garantit aucunement l&rsquo;exactitude, la validit\u00e9, l&rsquo;exhaustivit\u00e9 ni le caract\u00e8re \u00e0 jour de tout \u00e9l\u00e9ment d&rsquo;information du pr\u00e9sent site web ou de tout site web auquel le pr\u00e9sent site web donne acc\u00e8s.<\/p>\n<p>L&rsquo;information du pr\u00e9sent site web est pr\u00e9sent\u00e9e \u00ab en l&rsquo;\u00e9tat \u00bb, sans garantie, expresse ni implicite, de quelque type que ce soit, y compris, de fa\u00e7on non limitative, les garanties implicites de qualit\u00e9 marchande, d&rsquo;ad\u00e9quation \u00e0 un usage particulier, de non-contrefa\u00e7on, ou de possession de titre.<\/p>\n<p>CLEO ne peut en aucun cas \u00eatre tenue responsable de dommages-int\u00e9r\u00eats, quels qu&rsquo;ils soient, y compris, de fa\u00e7on non limitative, de tous dommages\u2011int\u00e9r\u00eats indirects, particuliers, cons\u00e9cutifs, punitifs ou accessoires, fond\u00e9s sur le droit des contrats ou sur celui des d\u00e9lits, dans le cas o\u00f9 il pr\u00e9senteraient quelque lien causal ou rapport avec le pr\u00e9sent site, avec l&rsquo;incapacit\u00e9 d&rsquo;utiliser le pr\u00e9sent site ou avec : l&rsquo;utilisation de tout document contenu dans le pr\u00e9sent site ou accessible par l&rsquo;interm\u00e9diaire du pr\u00e9sent site, ou l&rsquo;utilisation de tout site vers lequel le pr\u00e9sent site offre un lien; le fait de se fier \u00e0 un tel document ou \u00e0 un tel site; ou l&rsquo;efficacit\u00e9 d&rsquo;un tel document ou d&rsquo;un tel site. L&rsquo;assertion qui pr\u00e9c\u00e8de vaut m\u00eame si CLEO a \u00e9t\u00e9 express\u00e9ment avis\u00e9e de la possibilit\u00e9 que le pr\u00e9judice \u00e0 l&rsquo;origine de tels dommages-int\u00e9r\u00eat se produise.<\/p>\n<p>Le fait que le site web de CLEO donne acc\u00e8s \u00e0 des sites web de tiers n&rsquo;implique aucunement que CLEO entretienne quelque lien avec ces tiers, approuve le contenu de ces sites ou accorde son appui aux personnes ou organismes qui en sont responsables. L&rsquo;information offerte dans le pr\u00e9sent site peut \u00eatre modifi\u00e9e ou mise \u00e0 jour en tout temps; et aucun avis n&rsquo;est requis \u00e0 cet \u00e9gard.<\/p>\n<h3>3. Confidentialit\u00e9<\/h3>\n<p>Pri\u00e8re de lire notre <a href=\"\/fr\/a-propos\/politique-de-confidentialite-de-cleo\/\">d\u00e9claration de confidentialit\u00e9<\/a>.<\/p>\n<h3>4. Territoire de droit comp\u00e9tent<\/h3>\n<p>La pr\u00e9sente entente entre vous, l&rsquo;utilisateur ou l&rsquo;utilisatrice, et CLEO sera r\u00e9gie par les dispositions l\u00e9gislatives de la province d&rsquo;Ontario et les dispositions l\u00e9gislatives du Canada qui y seront applicables; et elle sera interpr\u00e9t\u00e9e conform\u00e9ment au droit ontarien et canadien. Par les pr\u00e9sentes, vous consentez et vous vous assujettissez \u00e0 la juridiction des tribunaux de la province d&rsquo;Ontario en ce qui concerne toute instance reli\u00e9e \u00e0 la pr\u00e9sente entente.<\/p>\n<h3>5. Int\u00e9gralit\u00e9 de l&rsquo;entente<\/h3>\n<p>La pr\u00e9sente entente constitue l&rsquo;int\u00e9gralit\u00e9 de l&rsquo;entente conclue entre vous et CLEO au sujet de l&rsquo;utilisation du site web de CLEO.<\/p>\n","protected":false},"excerpt":{"rendered":"<p>En utilisant le site web de CLEO, vous acceptez d&rsquo;\u00eatre li\u00e9(e) par les modalit\u00e9s \u00e9nonc\u00e9es aux paragraphes suivants ainsi que par les modifications qui pourront y \u00eatre apport\u00e9es au besoin.<br \/>\n1. Droit d&rsquo;auteur et utilisation des documents<br \/>\nTous les documents vers\u00e9s dans le site web de CLEO sont prot\u00e9g\u00e9s par les lois r\u00e9gissant le droit d&rsquo;auteur,<\/p>\n","protected":false},"author":2,"featured_media":0,"parent":0,"menu_order":100,"comment_status":"closed","ping_status":"closed","template":"","meta":{"ub_ctt_via":"","inline_featured_image":false,"footnotes":""},"class_list":["post-49167","page","type-page","status-publish","hentry"],"featured_image_src":null,"yoast_head":"<!-- This site is optimized with the Yoast SEO plugin v25.2 - https:\/\/yoast.com\/wordpress\/plugins\/seo\/ -->\n<title>Conditions d\u2019utilisation - CLEO (Community Legal Education Ontario \/ \u00c9ducation juridique communautaire Ontario)<\/title>\n<meta name=\"robots\" content=\"index, follow, max-snippet:-1, max-image-preview:large, max-video-preview:-1\" \/>\n<link rel=\"canonical\" href=\"https:\/\/www.cleo.on.ca\/fr\/conditions-dutilisation\" \/>\n<meta property=\"og:locale\" content=\"fr_FR\" \/>\n<meta property=\"og:type\" content=\"article\" \/>\n<meta property=\"og:title\" content=\"Conditions d\u2019utilisation - CLEO (Community Legal Education Ontario \/ \u00c9ducation juridique communautaire Ontario)\" \/>\n<meta property=\"og:description\" content=\"En utilisant le site web de CLEO, vous acceptez d&rsquo;\u00eatre li\u00e9(e) par les modalit\u00e9s \u00e9nonc\u00e9es aux paragraphes suivants ainsi que par les modifications qui pourront y \u00eatre apport\u00e9es au besoin. 1. Droit d&rsquo;auteur et utilisation des documents Tous les documents vers\u00e9s dans le site web de CLEO sont prot\u00e9g\u00e9s par les lois r\u00e9gissant le droit d&rsquo;auteur,\" \/>\n<meta property=\"og:url\" content=\"https:\/\/www.cleo.on.ca\/fr\/conditions-dutilisation\" \/>\n<meta property=\"og:site_name\" content=\"CLEO (Community Legal Education Ontario \/ \u00c9ducation juridique communautaire Ontario)\" \/>\n<meta property=\"article:modified_time\" content=\"2024-10-08T16:25:11+00:00\" \/>\n<meta name=\"twitter:card\" content=\"summary_large_image\" \/>\n<meta name=\"twitter:label1\" content=\"Dur\u00e9e de lecture estim\u00e9e\" \/>\n\t<meta name=\"twitter:data1\" content=\"3 minutes\" \/>\n<script type=\"application\/ld+json\" class=\"yoast-schema-graph\">{\"@context\":\"https:\/\/schema.org\",\"@graph\":[{\"@type\":\"WebPage\",\"@id\":\"https:\/\/www.cleo.on.ca\/fr\/conditions-dutilisation\",\"url\":\"https:\/\/www.cleo.on.ca\/fr\/conditions-dutilisation\",\"name\":\"Conditions d\u2019utilisation - CLEO (Community Legal Education Ontario \/ \u00c9ducation juridique communautaire Ontario)\",\"isPartOf\":{\"@id\":\"https:\/\/www.cleo.on.ca\/fr#website\"},\"datePublished\":\"2022-05-29T18:14:43+00:00\",\"dateModified\":\"2024-10-08T16:25:11+00:00\",\"breadcrumb\":{\"@id\":\"https:\/\/www.cleo.on.ca\/fr\/conditions-dutilisation#breadcrumb\"},\"inLanguage\":\"fr-FR\",\"potentialAction\":[{\"@type\":\"ReadAction\",\"target\":[\"https:\/\/www.cleo.on.ca\/fr\/conditions-dutilisation\"]}]},{\"@type\":\"BreadcrumbList\",\"@id\":\"https:\/\/www.cleo.on.ca\/fr\/conditions-dutilisation#breadcrumb\",\"itemListElement\":[{\"@type\":\"ListItem\",\"position\":1,\"name\":\"Home\",\"item\":\"https:\/\/www.cleo.on.ca\/fr\/accueil-2\"},{\"@type\":\"ListItem\",\"position\":2,\"name\":\"Conditions d\u2019utilisation\"}]},{\"@type\":\"WebSite\",\"@id\":\"https:\/\/www.cleo.on.ca\/fr#website\",\"url\":\"https:\/\/www.cleo.on.ca\/fr\",\"name\":\"CLEO (Community Legal Education Ontario \/ \u00c9ducation juridique communautaire Ontario)\",\"description\":\"\",\"potentialAction\":[{\"@type\":\"SearchAction\",\"target\":{\"@type\":\"EntryPoint\",\"urlTemplate\":\"https:\/\/www.cleo.on.ca\/fr?s={search_term_string}\"},\"query-input\":{\"@type\":\"PropertyValueSpecification\",\"valueRequired\":true,\"valueName\":\"search_term_string\"}}],\"inLanguage\":\"fr-FR\"}]}<\/script>\n<!-- \/ Yoast SEO plugin. -->","yoast_head_json":{"title":"Conditions d\u2019utilisation - CLEO (Community Legal Education Ontario \/ \u00c9ducation juridique communautaire Ontario)","robots":{"index":"index","follow":"follow","max-snippet":"max-snippet:-1","max-image-preview":"max-image-preview:large","max-video-preview":"max-video-preview:-1"},"canonical":"https:\/\/www.cleo.on.ca\/fr\/conditions-dutilisation","og_locale":"fr_FR","og_type":"article","og_title":"Conditions d\u2019utilisation - CLEO (Community Legal Education Ontario \/ \u00c9ducation juridique communautaire Ontario)","og_description":"En utilisant le site web de CLEO, vous acceptez d&rsquo;\u00eatre li\u00e9(e) par les modalit\u00e9s \u00e9nonc\u00e9es aux paragraphes suivants ainsi que par les modifications qui pourront y \u00eatre apport\u00e9es au besoin. 1. Droit d&rsquo;auteur et utilisation des documents Tous les documents vers\u00e9s dans le site web de CLEO sont prot\u00e9g\u00e9s par les lois r\u00e9gissant le droit d&rsquo;auteur,","og_url":"https:\/\/www.cleo.on.ca\/fr\/conditions-dutilisation","og_site_name":"CLEO (Community Legal Education Ontario \/ \u00c9ducation juridique communautaire Ontario)","article_modified_time":"2024-10-08T16:25:11+00:00","twitter_card":"summary_large_image","twitter_misc":{"Dur\u00e9e de lecture estim\u00e9e":"3 minutes"},"schema":{"@context":"https:\/\/schema.org","@graph":[{"@type":"WebPage","@id":"https:\/\/www.cleo.on.ca\/fr\/conditions-dutilisation","url":"https:\/\/www.cleo.on.ca\/fr\/conditions-dutilisation","name":"Conditions d\u2019utilisation - CLEO (Community Legal Education Ontario \/ \u00c9ducation juridique communautaire Ontario)","isPartOf":{"@id":"https:\/\/www.cleo.on.ca\/fr#website"},"datePublished":"2022-05-29T18:14:43+00:00","dateModified":"2024-10-08T16:25:11+00:00","breadcrumb":{"@id":"https:\/\/www.cleo.on.ca\/fr\/conditions-dutilisation#breadcrumb"},"inLanguage":"fr-FR","potentialAction":[{"@type":"ReadAction","target":["https:\/\/www.cleo.on.ca\/fr\/conditions-dutilisation"]}]},{"@type":"BreadcrumbList","@id":"https:\/\/www.cleo.on.ca\/fr\/conditions-dutilisation#breadcrumb","itemListElement":[{"@type":"ListItem","position":1,"name":"Home","item":"https:\/\/www.cleo.on.ca\/fr\/accueil-2"},{"@type":"ListItem","position":2,"name":"Conditions d\u2019utilisation"}]},{"@type":"WebSite","@id":"https:\/\/www.cleo.on.ca\/fr#website","url":"https:\/\/www.cleo.on.ca\/fr","name":"CLEO (Community Legal Education Ontario \/ \u00c9ducation juridique communautaire Ontario)","description":"","potentialAction":[{"@type":"SearchAction","target":{"@type":"EntryPoint","urlTemplate":"https:\/\/www.cleo.on.ca\/fr?s={search_term_string}"},"query-input":{"@type":"PropertyValueSpecification","valueRequired":true,"valueName":"search_term_string"}}],"inLanguage":"fr-FR"}]}},"meta_box":{"page_show_banner":"0","page_banner_type":"banner","page_banner_title":"","page_banner_title_color":"","page_banner_description":"","page_banner_image":[],"contact_shortcode":"","contact_address":"","contact_address_details":"","contact_map":{"latitude":"","longitude":"","zoom":""},"remove_map":"","contact_company_name":"","contact_company_phones":[],"contact_company_email":"","contact_textarea":"","contact_other_text_block":"","contact_other_locations_show":"","contact_other_locations_title":"","contact_other_locations_type":"","contact_other_locations":[],"contact_gmaps_zoom_control":"","contact_gmaps_map_type_control":"","contact_gmaps_scaleControl":"","contact_gmaps_streetViewControl":"","contact_gmaps_rotateControl":"","contact_gmaps_fullscreenControl":"","location_gmaps_zoom_control":"","location_gmaps_map_type_control":"","location_gmaps_scaleControl":"","location_gmaps_streetViewControl":"","location_gmaps_rotateControl":"","location_gmaps_fullscreenControl":"","menu_page_links_type":"","menu_page_links":[],"menu_page_links_bottom_content":"","external_links_type":"","external_links":[],"external_sublinks":[],"private_staff_information_blocks":[],"private_staff_links_title":"","private_staff_links":[],"legal_topic_menu":[],"sb_display_type":"","sb_people_block":[],"guided_pathways_top_image":false,"guided_pathways_top_description":"","guided_pathways_topic_menu":"","guided_pathways_whats_new_title":"","guided_pathways_news_category":[],"guided_pathways_button_title":"","guided_pathways_button_url":"","guided_pathways_coming_soon_title":"","guided_pathways_coming_soon_category":[],"guided_pathways_coming_soon_button_title":"","guided_pathways_coming_soon_button_url":"","guided_pathways_job_openings_title":"","guided_pathways_job_openings_category":[],"guided_pathways_job_openings_button_title":"","guided_pathways_job_openings_button_url":"","guided_pathways_featured_studies_title":"","guided_pathways_featured_studies_menu":"","guided_pathways_featured_studies_button_title":"","guided_pathways_featured_studies_button_url":"","banner_title":"","banner_description":"","banner_button_title":"","banner_button_url":"","social_menu":"","resource_section_title":"","resources":[],"announcements_title":"","announcements":[],"homepage_news_title":"","homepage_news_category":[],"homepage_news_button_title":"","homepage_news_button_url":"","hide_title":"0","page_to_resources_to":[]},"_links":{"self":[{"href":"https:\/\/www.cleo.on.ca\/fr\/wp-json\/wp\/v2\/pages\/49167","targetHints":{"allow":["GET"]}}],"collection":[{"href":"https:\/\/www.cleo.on.ca\/fr\/wp-json\/wp\/v2\/pages"}],"about":[{"href":"https:\/\/www.cleo.on.ca\/fr\/wp-json\/wp\/v2\/types\/page"}],"author":[{"embeddable":true,"href":"https:\/\/www.cleo.on.ca\/fr\/wp-json\/wp\/v2\/users\/2"}],"replies":[{"embeddable":true,"href":"https:\/\/www.cleo.on.ca\/fr\/wp-json\/wp\/v2\/comments?post=49167"}],"version-history":[{"count":5,"href":"https:\/\/www.cleo.on.ca\/fr\/wp-json\/wp\/v2\/pages\/49167\/revisions"}],"predecessor-version":[{"id":58756,"href":"https:\/\/www.cleo.on.ca\/fr\/wp-json\/wp\/v2\/pages\/49167\/revisions\/58756"}],"wp:attachment":[{"href":"https:\/\/www.cleo.on.ca\/fr\/wp-json\/wp\/v2\/media?parent=49167"}],"curies":[{"name":"wp","href":"https:\/\/api.w.org\/{rel}","templated":true}]}}